{"id":540,"date":"2019-04-23T11:04:36","date_gmt":"2019-04-23T11:04:36","guid":{"rendered":"http:\/\/mayaa.apps.tm\/contact\/"},"modified":"2026-04-21T08:35:34","modified_gmt":"2026-04-21T08:35:34","slug":"contact","status":"publish","type":"page","link":"https:\/\/mayaa.world\/fr\/contact\/","title":{"rendered":"Contact"},"content":{"rendered":"\n<div style=\"height:80px\" aria-hidden=\"true\" class=\"wp-block-spacer\"><\/div>\n\n<div class=\"wp-block-columns containertext prezvolunteer is-layout-flex wp-container-core-columns-is-layout-9d6595d7 wp-block-columns-is-layout-flex\">\n<div class=\"wp-block-column is-layout-flow wp-block-column-is-layout-flow\">\n<h1 class=\"wp-block-heading\">CONTACTEZ-NOUS<\/h1>\n\n\n\n<div style=\"height:20px\" aria-hidden=\"true\" class=\"wp-block-spacer\"><\/div>\n\n\n\n<p style=\"font-size:16px\"><strong><em>Nous serions ravis d&rsquo;avoir de vos nouvelles ! <\/em><\/strong><\/p>\n\n\n\n<p>Si vous avez des questions, des commentaires ou si vous souhaitez participer aux initiatives de Mayaa, n&rsquo;h\u00e9sitez pas \u00e0 nous contacter. Notre \u00e9quipe d\u00e9vou\u00e9e est l\u00e0 pour vous aider.<\/p>\n\n\n\n<p>Pour toute question ou information g\u00e9n\u00e9rale, veuillez nous envoyer un courriel \u00e0 l&rsquo;adresse suivante <a href=\"mailto:contact@mayaa.world\" target=\"_blank\" rel=\"noreferrer noopener\">contact@mayaa.world<\/a> ou remplissez le formulaire.<\/p>\n\n\n\n<p>Si vous avez des questions sp\u00e9cifiques concernant les <strong>dons<\/strong>, le <strong>b\u00e9n\u00e9volat<\/strong> ou les possibilit\u00e9s de <strong>partenariat<\/strong>, veuillez contacter notre responsable, [Nom], \u00e0 [adresse \u00e9lectronique].<\/p>\n\n\n\n<p>Vous pouvez \u00e9galement rester en contact avec nous sur les m\u00e9dias sociaux en suivant nos pages <a href=\"https:\/\/www.instagram.com\/mayaahk\/\">Instagram<\/a> et <a href=\"https:\/\/www.facebook.com\/mayaahongkong\/\">Facebook<\/a> pour les derni\u00e8res mises \u00e0 jour, les \u00e9v\u00e9nements et les histoires inspirantes.<\/p>\n\n\n\n<p>Nous sommes impatients d&rsquo;entrer en contact avec vous et de travailler ensemble pour <strong>avoir un impact positif sur la vie des enfants d\u00e9favoris\u00e9s<\/strong>.<\/p>\n<\/div>\n\n\n\n<div class=\"wp-block-column colcontact is-layout-flow wp-block-column-is-layout-flow\">\n<p style=\"font-size:10px\"><em>Les champs suivis d&rsquo;une * sont obligatoires<\/em>.<\/p>\n\n\n\n<div style=\"height:21px\" aria-hidden=\"true\" class=\"wp-block-spacer\"><\/div>\n\n\n\n<div class=\"wpcf7 no-js\" id=\"wpcf7-f3612-o1\" lang=\"en-US\" dir=\"ltr\" data-wpcf7-id=\"3612\">\n<div class=\"screen-reader-response\"><p role=\"status\" aria-live=\"polite\" aria-atomic=\"true\"><\/p> <ul><\/ul><\/div>\n<form action=\"\/fr\/wp-json\/wp\/v2\/pages\/540#wpcf7-f3612-o1\" method=\"post\" class=\"wpcf7-form init\" aria-label=\"Contact form\" novalidate=\"novalidate\" data-status=\"init\">\n<fieldset class=\"hidden-fields-container\"><input type=\"hidden\" name=\"_wpcf7\" value=\"3612\" \/><input type=\"hidden\" name=\"_wpcf7_version\" value=\"6.1.5\" \/><input type=\"hidden\" name=\"_wpcf7_locale\" value=\"en_US\" \/><input type=\"hidden\" name=\"_wpcf7_unit_tag\" value=\"wpcf7-f3612-o1\" \/><input type=\"hidden\" name=\"_wpcf7_container_post\" value=\"0\" \/><input type=\"hidden\" name=\"_wpcf7_posted_data_hash\" value=\"\" \/>\n<\/fieldset>\n<p><label> Name<br \/>\n<span class=\"wpcf7-form-control-wrap\" data-name=\"your-name\"><input size=\"40\" maxlength=\"400\" class=\"wpcf7-form-control wpcf7-text wpcf7-validates-as-required\" autocomplete=\"name\" aria-required=\"true\" aria-invalid=\"false\" value=\"\" type=\"text\" name=\"your-name\" \/><\/span> <\/label>\n<\/p>\n<p><label> Email<br \/>\n<span class=\"wpcf7-form-control-wrap\" data-name=\"your-email\"><input size=\"40\" maxlength=\"400\" class=\"wpcf7-form-control wpcf7-email wpcf7-validates-as-required wpcf7-text wpcf7-validates-as-email\" autocomplete=\"email\" aria-required=\"true\" aria-invalid=\"false\" value=\"\" type=\"email\" name=\"your-email\" \/><\/span> <\/label>\n<\/p>\n<p><label> Subject<br \/>\n<span class=\"wpcf7-form-control-wrap\" data-name=\"your-subject\"><input size=\"40\" maxlength=\"400\" class=\"wpcf7-form-control wpcf7-text wpcf7-validates-as-required\" aria-required=\"true\" aria-invalid=\"false\" value=\"\" type=\"text\" name=\"your-subject\" \/><\/span> <\/label>\n<\/p>\n<p><label> Your message<br \/>\n<span class=\"wpcf7-form-control-wrap\" data-name=\"your-message\"><textarea cols=\"40\" rows=\"10\" maxlength=\"2000\" class=\"wpcf7-form-control wpcf7-textarea\" aria-invalid=\"false\" name=\"your-message\"><\/textarea><\/span> <\/label>\n<\/p>\n<p><input class=\"wpcf7-form-control wpcf7-submit has-spinner\" type=\"submit\" value=\"Submit\" \/>\n<\/p><div class=\"wpcf7-response-output\" aria-hidden=\"true\"><\/div>\n<\/form>\n<\/div>\n\n<\/div>\n<\/div>\n\n<div class=\"wp-block-group containertext\"><div class=\"wp-block-group__inner-container is-layout-constrained wp-block-group-is-layout-constrained\">\n<div style=\"height:60px\" aria-hidden=\"true\" class=\"wp-block-spacer\"><\/div>\n\n\n\n<h1 class=\"wp-block-heading has-text-align-center\"><strong>Nos bureaux<\/strong><\/h1>\n\n\n\n<div class=\"wp-block-columns prezvolunteer is-layout-flex wp-container-core-columns-is-layout-9d6595d7 wp-block-columns-is-layout-flex\">\n<div class=\"wp-block-column col1vol is-layout-flow wp-block-column-is-layout-flow\"><div class=\"wp-block-image\">\n<figure class=\"aligncenter size-full is-resized\"><img fetchpriority=\"high\" decoding=\"async\" width=\"1627\" height=\"1577\" src=\"https:\/\/mayaa.world\/wp-content\/uploads\/2026\/03\/Logo-Mayaa-blanc.png\" alt=\"\" class=\"wp-image-6837\" style=\"width:80px;height:undefinedpx\" srcset=\"https:\/\/mayaa.world\/wp-content\/uploads\/2026\/03\/Logo-Mayaa-blanc.png 1627w, https:\/\/mayaa.world\/wp-content\/uploads\/2026\/03\/Logo-Mayaa-blanc-300x291.png 300w, https:\/\/mayaa.world\/wp-content\/uploads\/2026\/03\/Logo-Mayaa-blanc-1024x993.png 1024w, https:\/\/mayaa.world\/wp-content\/uploads\/2026\/03\/Logo-Mayaa-blanc-768x744.png 768w, https:\/\/mayaa.world\/wp-content\/uploads\/2026\/03\/Logo-Mayaa-blanc-1536x1489.png 1536w\" sizes=\"(max-width: 1627px) 100vw, 1627px\" \/><\/figure>\n<\/div>\n\n\n<h3 class=\"wp-block-heading has-text-align-center has-white-color has-text-color\">Nepal<\/h3>\n\n\n\n<p class=\"has-text-align-center has-white-color has-text-color\"><strong>Mayaa Nepal<\/strong><br\/>Chamati 16 &#8211; Kathmandu &#8211; Nepal<\/p>\n\n\n\n<p class=\"has-text-align-center has-white-color has-text-color\"><strong>Tel<\/strong>: 01- 4952079<br\/><strong>Mobile<\/strong>: +977- 9841270930<br\/><strong>Email :<\/strong> <a style=\"color: white\" href=\"mailto:mayaanepal.2013@gmail.com\">mayaanepal.2013@gmail.com<\/a><\/p>\n<\/div>\n\n\n\n<div class=\"wp-block-column col2vol is-layout-flow wp-block-column-is-layout-flow\"><div class=\"wp-block-image\">\n<figure class=\"aligncenter size-full is-resized\"><img decoding=\"async\" width=\"334\" height=\"334\" src=\"https:\/\/mayaa.world\/wp-content\/uploads\/2026\/03\/Mayaa-World-1-1.png\" alt=\"\" class=\"wp-image-6836\" style=\"width:80px;height:undefinedpx\" srcset=\"https:\/\/mayaa.world\/wp-content\/uploads\/2026\/03\/Mayaa-World-1-1.png 334w, https:\/\/mayaa.world\/wp-content\/uploads\/2026\/03\/Mayaa-World-1-1-300x300.png 300w, https:\/\/mayaa.world\/wp-content\/uploads\/2026\/03\/Mayaa-World-1-1-150x150.png 150w\" sizes=\"(max-width: 334px) 100vw, 334px\" \/><\/figure>\n<\/div>\n\n\n<h3 class=\"wp-block-heading has-text-align-center\">Hong Kong<\/h3>\n\n\n\n<p class=\"has-text-align-center\"><strong>Mayaa HK<\/strong><br\/>Block C, 24F C8<br\/>Kwan Yick Building Phase 2,<br\/>343 Des Voeux Road West,<br\/>Sai Ying Pun, Hong Kong<\/p>\n\n\n\n<p class=\"has-text-align-center\"><strong>Tel :<\/strong> +852 9613 5330<br\/><strong>Email :<\/strong> <a href=\"mailto:contact@mayaahk.com\" target=\"_blank\" rel=\"noreferrer noopener\">contact@mayaahk.com<\/a><\/p>\n<\/div>\n\n\n\n<div class=\"wp-block-column col3vol is-layout-flow wp-block-column-is-layout-flow\"><div class=\"wp-block-image\">\n<figure class=\"aligncenter size-full is-resized\"><img fetchpriority=\"high\" decoding=\"async\" width=\"1627\" height=\"1577\" src=\"https:\/\/mayaa.world\/wp-content\/uploads\/2026\/03\/Logo-Mayaa-blanc.png\" alt=\"\" class=\"wp-image-6837\" style=\"width:80px;height:undefinedpx\" srcset=\"https:\/\/mayaa.world\/wp-content\/uploads\/2026\/03\/Logo-Mayaa-blanc.png 1627w, https:\/\/mayaa.world\/wp-content\/uploads\/2026\/03\/Logo-Mayaa-blanc-300x291.png 300w, https:\/\/mayaa.world\/wp-content\/uploads\/2026\/03\/Logo-Mayaa-blanc-1024x993.png 1024w, https:\/\/mayaa.world\/wp-content\/uploads\/2026\/03\/Logo-Mayaa-blanc-768x744.png 768w, https:\/\/mayaa.world\/wp-content\/uploads\/2026\/03\/Logo-Mayaa-blanc-1536x1489.png 1536w\" sizes=\"(max-width: 1627px) 100vw, 1627px\" \/><\/figure>\n<\/div>\n\n\n<h3 class=\"wp-block-heading has-text-align-center has-white-color has-text-color\">France<\/h3>\n\n\n\n<p class=\"has-text-align-center has-white-color has-text-color\"><strong>Mayaa France<\/strong><br\/>10 Place St Antoine de Padoue<br\/>78150 : Le Chesnay<\/p>\n\n\n\n<p class=\"has-text-align-center has-white-color has-text-color\"><strong>Tel :<\/strong> +33 6 60 34 61 03<br\/><strong>Email :<\/strong>\u00a0<a style=\"color: white\" href=\"mailto:dons@mayaafr.com\" target=\"_blank\" rel=\"noreferrer noopener\">dons@mayaafr.com<\/a><\/p>\n<\/div>\n<\/div>\n<\/div><\/div>\n\n<div style=\"height:60px\" aria-hidden=\"true\" class=\"wp-block-spacer\"><\/div>\n","protected":false},"excerpt":{"rendered":"<p>CONTACTEZ-NOUS Nous serions ravis d&rsquo;avoir de vos nouvelles ! Si vous avez des questions, des commentaires ou si vous souhaitez participer aux initiatives de Mayaa, n&rsquo;h\u00e9sitez pas \u00e0 nous contacter. Notre \u00e9quipe d\u00e9vou\u00e9e est l\u00e0 pour vous aider. Pour toute question ou information g\u00e9n\u00e9rale, veuillez nous envoyer un courriel \u00e0 l&rsquo;adresse suivante contact@mayaa.world ou remplissez [&hellip;]<\/p>\n","protected":false},"author":1,"featured_media":0,"parent":0,"menu_order":0,"comment_status":"closed","ping_status":"closed","template":"","meta":{"ocean_post_layout":"","ocean_both_sidebars_style":"","ocean_both_sidebars_content_width":0,"ocean_both_sidebars_sidebars_width":0,"ocean_sidebar":"0","ocean_second_sidebar":"0","ocean_disable_margins":"enable","ocean_add_body_class":"","ocean_shortcode_before_top_bar":"","ocean_shortcode_after_top_bar":"","ocean_shortcode_before_header":"","ocean_shortcode_after_header":"","ocean_has_shortcode":"","ocean_shortcode_after_title":"","ocean_shortcode_before_footer_widgets":"","ocean_shortcode_after_footer_widgets":"","ocean_shortcode_before_footer_bottom":"","ocean_shortcode_after_footer_bottom":"","ocean_display_top_bar":"default","ocean_display_header":"default","ocean_header_style":"","ocean_center_header_left_menu":"0","ocean_custom_header_template":"0","ocean_custom_logo":0,"ocean_custom_retina_logo":0,"ocean_custom_logo_max_width":0,"ocean_custom_logo_tablet_max_width":0,"ocean_custom_logo_mobile_max_width":0,"ocean_custom_logo_max_height":0,"ocean_custom_logo_tablet_max_height":0,"ocean_custom_logo_mobile_max_height":0,"ocean_header_custom_menu":"0","ocean_menu_typo_font_family":"0","ocean_menu_typo_font_subset":"","ocean_menu_typo_font_size":0,"ocean_menu_typo_font_size_tablet":0,"ocean_menu_typo_font_size_mobile":0,"ocean_menu_typo_font_size_unit":"px","ocean_menu_typo_font_weight":"","ocean_menu_typo_font_weight_tablet":"","ocean_menu_typo_font_weight_mobile":"","ocean_menu_typo_transform":"","ocean_menu_typo_transform_tablet":"","ocean_menu_typo_transform_mobile":"","ocean_menu_typo_line_height":0,"ocean_menu_typo_line_height_tablet":0,"ocean_menu_typo_line_height_mobile":0,"ocean_menu_typo_line_height_unit":"","ocean_menu_typo_spacing":0,"ocean_menu_typo_spacing_tablet":0,"ocean_menu_typo_spacing_mobile":0,"ocean_menu_typo_spacing_unit":"","ocean_menu_link_color":"","ocean_menu_link_color_hover":"","ocean_menu_link_color_active":"","ocean_menu_link_background":"","ocean_menu_link_hover_background":"","ocean_menu_link_active_background":"","ocean_menu_social_links_bg":"","ocean_menu_social_hover_links_bg":"","ocean_menu_social_links_color":"","ocean_menu_social_hover_links_color":"","ocean_disable_title":"default","ocean_disable_heading":"default","ocean_post_title":"","ocean_post_subheading":"","ocean_post_title_style":"","ocean_post_title_background_color":"","ocean_post_title_background":0,"ocean_post_title_bg_image_position":"","ocean_post_title_bg_image_attachment":"","ocean_post_title_bg_image_repeat":"","ocean_post_title_bg_image_size":"","ocean_post_title_height":0,"ocean_post_title_bg_overlay":0.5,"ocean_post_title_bg_overlay_color":"","ocean_disable_breadcrumbs":"default","ocean_breadcrumbs_color":"","ocean_breadcrumbs_separator_color":"","ocean_breadcrumbs_links_color":"","ocean_breadcrumbs_links_hover_color":"","ocean_display_footer_widgets":"default","ocean_display_footer_bottom":"default","ocean_custom_footer_template":"0","footnotes":""},"class_list":["post-540","page","type-page","status-publish","hentry","entry"],"yoast_head":"<!-- This site is optimized with the Yoast SEO plugin v27.4 - https:\/\/yoast.com\/product\/yoast-seo-wordpress\/ -->\n<title>Contact - Mayaa World<\/title>\n<meta name=\"robots\" content=\"index, follow, max-snippet:-1, max-image-preview:large, max-video-preview:-1\" \/>\n<link rel=\"canonical\" href=\"https:\/\/mayaa.world\/fr\/contact\/\" \/>\n<meta property=\"og:locale\" content=\"fr_FR\" \/>\n<meta property=\"og:type\" content=\"article\" \/>\n<meta property=\"og:title\" content=\"Contact - Mayaa World\" \/>\n<meta property=\"og:description\" content=\"CONTACTEZ-NOUS Nous serions ravis d&rsquo;avoir de vos nouvelles ! Si vous avez des questions, des commentaires ou si vous souhaitez participer aux initiatives de Mayaa, n&rsquo;h\u00e9sitez pas \u00e0 nous contacter. Notre \u00e9quipe d\u00e9vou\u00e9e est l\u00e0 pour vous aider. Pour toute question ou information g\u00e9n\u00e9rale, veuillez nous envoyer un courriel \u00e0 l&rsquo;adresse suivante contact@mayaa.world ou remplissez [&hellip;]\" \/>\n<meta property=\"og:url\" content=\"https:\/\/mayaa.world\/fr\/contact\/\" \/>\n<meta property=\"og:site_name\" content=\"Mayaa World\" \/>\n<meta property=\"article:modified_time\" content=\"2026-04-21T08:35:34+00:00\" \/>\n<meta property=\"og:image\" content=\"https:\/\/mayaa.world\/wp-content\/uploads\/2026\/03\/Logo-Mayaa-blanc.png\" \/>\n\t<meta property=\"og:image:width\" content=\"1627\" \/>\n\t<meta property=\"og:image:height\" content=\"1577\" \/>\n\t<meta property=\"og:image:type\" content=\"image\/png\" \/>\n<meta name=\"twitter:card\" content=\"summary_large_image\" \/>\n<meta name=\"twitter:label1\" content=\"Dur\u00e9e de lecture estim\u00e9e\" \/>\n\t<meta name=\"twitter:data1\" content=\"1 minute\" \/>\n<script type=\"application\/ld+json\" class=\"yoast-schema-graph\">{\"@context\":\"https:\\\/\\\/schema.org\",\"@graph\":[{\"@type\":\"WebPage\",\"@id\":\"https:\\\/\\\/mayaa.world\\\/fr\\\/contact\\\/\",\"url\":\"https:\\\/\\\/mayaa.world\\\/fr\\\/contact\\\/\",\"name\":\"Contact - Mayaa World\",\"isPartOf\":{\"@id\":\"https:\\\/\\\/mayaa.world\\\/#website\"},\"primaryImageOfPage\":{\"@id\":\"https:\\\/\\\/mayaa.world\\\/fr\\\/contact\\\/#primaryimage\"},\"image\":{\"@id\":\"https:\\\/\\\/mayaa.world\\\/fr\\\/contact\\\/#primaryimage\"},\"thumbnailUrl\":\"https:\\\/\\\/mayaa.world\\\/wp-content\\\/uploads\\\/2026\\\/03\\\/Logo-Mayaa-blanc.png\",\"datePublished\":\"2019-04-23T11:04:36+00:00\",\"dateModified\":\"2026-04-21T08:35:34+00:00\",\"breadcrumb\":{\"@id\":\"https:\\\/\\\/mayaa.world\\\/fr\\\/contact\\\/#breadcrumb\"},\"inLanguage\":\"fr-FR\",\"potentialAction\":[{\"@type\":\"ReadAction\",\"target\":[\"https:\\\/\\\/mayaa.world\\\/fr\\\/contact\\\/\"]}]},{\"@type\":\"ImageObject\",\"inLanguage\":\"fr-FR\",\"@id\":\"https:\\\/\\\/mayaa.world\\\/fr\\\/contact\\\/#primaryimage\",\"url\":\"https:\\\/\\\/mayaa.world\\\/wp-content\\\/uploads\\\/2026\\\/03\\\/Logo-Mayaa-blanc.png\",\"contentUrl\":\"https:\\\/\\\/mayaa.world\\\/wp-content\\\/uploads\\\/2026\\\/03\\\/Logo-Mayaa-blanc.png\"},{\"@type\":\"BreadcrumbList\",\"@id\":\"https:\\\/\\\/mayaa.world\\\/fr\\\/contact\\\/#breadcrumb\",\"itemListElement\":[{\"@type\":\"ListItem\",\"position\":1,\"name\":\"Home\",\"item\":\"https:\\\/\\\/mayaa.world\\\/fr\\\/\"},{\"@type\":\"ListItem\",\"position\":2,\"name\":\"Contact\"}]},{\"@type\":\"WebSite\",\"@id\":\"https:\\\/\\\/mayaa.world\\\/#website\",\"url\":\"https:\\\/\\\/mayaa.world\\\/\",\"name\":\"Mayaa World\",\"description\":\"Development through education\",\"publisher\":{\"@id\":\"https:\\\/\\\/mayaa.world\\\/#organization\"},\"potentialAction\":[{\"@type\":\"SearchAction\",\"target\":{\"@type\":\"EntryPoint\",\"urlTemplate\":\"https:\\\/\\\/mayaa.world\\\/?s={search_term_string}\"},\"query-input\":{\"@type\":\"PropertyValueSpecification\",\"valueRequired\":true,\"valueName\":\"search_term_string\"}}],\"inLanguage\":\"fr-FR\"},{\"@type\":\"Organization\",\"@id\":\"https:\\\/\\\/mayaa.world\\\/#organization\",\"name\":\"Mayaa World\",\"url\":\"https:\\\/\\\/mayaa.world\\\/\",\"logo\":{\"@type\":\"ImageObject\",\"inLanguage\":\"fr-FR\",\"@id\":\"https:\\\/\\\/mayaa.world\\\/#\\\/schema\\\/logo\\\/image\\\/\",\"url\":\"https:\\\/\\\/mayaa.world\\\/wp-content\\\/uploads\\\/2026\\\/03\\\/Mayaa-World-1-1.png\",\"contentUrl\":\"https:\\\/\\\/mayaa.world\\\/wp-content\\\/uploads\\\/2026\\\/03\\\/Mayaa-World-1-1.png\",\"width\":334,\"height\":334,\"caption\":\"Mayaa World\"},\"image\":{\"@id\":\"https:\\\/\\\/mayaa.world\\\/#\\\/schema\\\/logo\\\/image\\\/\"}}]}<\/script>\n<!-- \/ Yoast SEO plugin. -->","yoast_head_json":{"title":"Contact - Mayaa World","robots":{"index":"index","follow":"follow","max-snippet":"max-snippet:-1","max-image-preview":"max-image-preview:large","max-video-preview":"max-video-preview:-1"},"canonical":"https:\/\/mayaa.world\/fr\/contact\/","og_locale":"fr_FR","og_type":"article","og_title":"Contact - Mayaa World","og_description":"CONTACTEZ-NOUS Nous serions ravis d&rsquo;avoir de vos nouvelles ! Si vous avez des questions, des commentaires ou si vous souhaitez participer aux initiatives de Mayaa, n&rsquo;h\u00e9sitez pas \u00e0 nous contacter. Notre \u00e9quipe d\u00e9vou\u00e9e est l\u00e0 pour vous aider. Pour toute question ou information g\u00e9n\u00e9rale, veuillez nous envoyer un courriel \u00e0 l&rsquo;adresse suivante contact@mayaa.world ou remplissez [&hellip;]","og_url":"https:\/\/mayaa.world\/fr\/contact\/","og_site_name":"Mayaa World","article_modified_time":"2026-04-21T08:35:34+00:00","og_image":[{"width":1627,"height":1577,"url":"https:\/\/mayaa.world\/wp-content\/uploads\/2026\/03\/Logo-Mayaa-blanc.png","type":"image\/png"}],"twitter_card":"summary_large_image","twitter_misc":{"Dur\u00e9e de lecture estim\u00e9e":"1 minute"},"schema":{"@context":"https:\/\/schema.org","@graph":[{"@type":"WebPage","@id":"https:\/\/mayaa.world\/fr\/contact\/","url":"https:\/\/mayaa.world\/fr\/contact\/","name":"Contact - Mayaa World","isPartOf":{"@id":"https:\/\/mayaa.world\/#website"},"primaryImageOfPage":{"@id":"https:\/\/mayaa.world\/fr\/contact\/#primaryimage"},"image":{"@id":"https:\/\/mayaa.world\/fr\/contact\/#primaryimage"},"thumbnailUrl":"https:\/\/mayaa.world\/wp-content\/uploads\/2026\/03\/Logo-Mayaa-blanc.png","datePublished":"2019-04-23T11:04:36+00:00","dateModified":"2026-04-21T08:35:34+00:00","breadcrumb":{"@id":"https:\/\/mayaa.world\/fr\/contact\/#breadcrumb"},"inLanguage":"fr-FR","potentialAction":[{"@type":"ReadAction","target":["https:\/\/mayaa.world\/fr\/contact\/"]}]},{"@type":"ImageObject","inLanguage":"fr-FR","@id":"https:\/\/mayaa.world\/fr\/contact\/#primaryimage","url":"https:\/\/mayaa.world\/wp-content\/uploads\/2026\/03\/Logo-Mayaa-blanc.png","contentUrl":"https:\/\/mayaa.world\/wp-content\/uploads\/2026\/03\/Logo-Mayaa-blanc.png"},{"@type":"BreadcrumbList","@id":"https:\/\/mayaa.world\/fr\/contact\/#breadcrumb","itemListElement":[{"@type":"ListItem","position":1,"name":"Home","item":"https:\/\/mayaa.world\/fr\/"},{"@type":"ListItem","position":2,"name":"Contact"}]},{"@type":"WebSite","@id":"https:\/\/mayaa.world\/#website","url":"https:\/\/mayaa.world\/","name":"Mayaa World","description":"Development through education","publisher":{"@id":"https:\/\/mayaa.world\/#organization"},"potentialAction":[{"@type":"SearchAction","target":{"@type":"EntryPoint","urlTemplate":"https:\/\/mayaa.world\/?s={search_term_string}"},"query-input":{"@type":"PropertyValueSpecification","valueRequired":true,"valueName":"search_term_string"}}],"inLanguage":"fr-FR"},{"@type":"Organization","@id":"https:\/\/mayaa.world\/#organization","name":"Mayaa World","url":"https:\/\/mayaa.world\/","logo":{"@type":"ImageObject","inLanguage":"fr-FR","@id":"https:\/\/mayaa.world\/#\/schema\/logo\/image\/","url":"https:\/\/mayaa.world\/wp-content\/uploads\/2026\/03\/Mayaa-World-1-1.png","contentUrl":"https:\/\/mayaa.world\/wp-content\/uploads\/2026\/03\/Mayaa-World-1-1.png","width":334,"height":334,"caption":"Mayaa World"},"image":{"@id":"https:\/\/mayaa.world\/#\/schema\/logo\/image\/"}}]}},"_links":{"self":[{"href":"https:\/\/mayaa.world\/fr\/wp-json\/wp\/v2\/pages\/540","targetHints":{"allow":["GET"]}}],"collection":[{"href":"https:\/\/mayaa.world\/fr\/wp-json\/wp\/v2\/pages"}],"about":[{"href":"https:\/\/mayaa.world\/fr\/wp-json\/wp\/v2\/types\/page"}],"author":[{"embeddable":true,"href":"https:\/\/mayaa.world\/fr\/wp-json\/wp\/v2\/users\/1"}],"replies":[{"embeddable":true,"href":"https:\/\/mayaa.world\/fr\/wp-json\/wp\/v2\/comments?post=540"}],"version-history":[{"count":42,"href":"https:\/\/mayaa.world\/fr\/wp-json\/wp\/v2\/pages\/540\/revisions"}],"predecessor-version":[{"id":6956,"href":"https:\/\/mayaa.world\/fr\/wp-json\/wp\/v2\/pages\/540\/revisions\/6956"}],"wp:attachment":[{"href":"https:\/\/mayaa.world\/fr\/wp-json\/wp\/v2\/media?parent=540"}],"curies":[{"name":"wp","href":"https:\/\/api.w.org\/{rel}","templated":true}]}}