{"id":5726,"date":"2023-07-19T13:04:27","date_gmt":"2023-07-19T13:04:27","guid":{"rendered":"https:\/\/jtr.yoh.mybluehost.me\/lfi-uniformes\/"},"modified":"2023-07-20T09:29:33","modified_gmt":"2023-07-20T09:29:33","slug":"lfi-uniformes","status":"publish","type":"page","link":"https:\/\/mayaa.world\/fr\/lfi-uniformes\/","title":{"rendered":"LFI Uniformes"},"content":{"rendered":"\n<div style=\"height:80px\" aria-hidden=\"true\" class=\"wp-block-spacer\"><\/div>\n\n<h1 class=\"wp-block-heading has-text-align-center containertext\">Bienvenue \u00e0 la vente <br\/>d&rsquo;uniformes d&rsquo;occasion de Mayaa Nepal !<\/h1>\n\n<div style=\"height:80px\" aria-hidden=\"true\" class=\"wp-block-spacer\"><\/div>\n\n<div class=\"wp-block-columns containertext prezvolunteer is-layout-flex wp-container-core-columns-is-layout-9d6595d7 wp-block-columns-is-layout-flex\">\n<div class=\"wp-block-column is-layout-flow wp-block-column-is-layout-flow\">\n<div style=\"height:20px\" aria-hidden=\"true\" class=\"wp-block-spacer\"><\/div>\n\n\n\n<h3 class=\"wp-block-heading\">2 fa\u00e7ons de s&rsquo;engager !<\/h3>\n\n\n\n<div class=\"wp-block-columns is-layout-flex wp-container-core-columns-is-layout-9d6595d7 wp-block-columns-is-layout-flex\">\n<div class=\"wp-block-column is-layout-flow wp-block-column-is-layout-flow\" style=\"flex-basis:15%\">\n<figure class=\"wp-block-image size-full number\"><img fetchpriority=\"high\" decoding=\"async\" width=\"788\" height=\"999\" src=\"https:\/\/jtr.yoh.mybluehost.me\/wp-content\/uploads\/2023\/07\/Mayaa-18.png\" alt=\"\" class=\"wp-image-5077\" srcset=\"https:\/\/mayaa.world\/wp-content\/uploads\/2023\/07\/Mayaa-18.png 788w, https:\/\/mayaa.world\/wp-content\/uploads\/2023\/07\/Mayaa-18-237x300.png 237w, https:\/\/mayaa.world\/wp-content\/uploads\/2023\/07\/Mayaa-18-768x974.png 768w\" sizes=\"(max-width: 788px) 100vw, 788px\" \/><\/figure>\n<\/div>\n\n\n\n<div class=\"wp-block-column is-layout-flow wp-block-column-is-layout-flow\" style=\"flex-basis:85%\">\n<div style=\"height:20px\" aria-hidden=\"true\" class=\"wp-block-spacer\"><\/div>\n\n\n\n<p style=\"font-size:16px\"><strong>Achetez des uniformes d&rsquo;occasion de qualit\u00e9<\/strong> tout en soutenant nos initiatives en faveur des enfants d\u00e9favoris\u00e9s.<\/p>\n\n\n\n<p>Chaque achat contribue \u00e0 financer nos projets \u00e9ducatifs et sociaux au N\u00e9pal et \u00e0 Hong Kong.<\/p>\n\n\n\n<p>Remplissez le formulaire de commande pour s\u00e9lectionner les articles souhait\u00e9s. Notre \u00e9quipe v\u00e9rifiera l&rsquo;inventaire chaque semaine et vous contactera pour finaliser votre commande.<\/p>\n<\/div>\n<\/div>\n\n\n\n<div class=\"wp-block-columns is-layout-flex wp-container-core-columns-is-layout-9d6595d7 wp-block-columns-is-layout-flex\">\n<div class=\"wp-block-column is-layout-flow wp-block-column-is-layout-flow\" style=\"flex-basis:15%\">\n<figure class=\"wp-block-image size-full number\"><img decoding=\"async\" width=\"788\" height=\"999\" src=\"https:\/\/jtr.yoh.mybluehost.me\/wp-content\/uploads\/2023\/07\/Mayaa-19.png\" alt=\"\" class=\"wp-image-5092\" srcset=\"https:\/\/mayaa.world\/wp-content\/uploads\/2023\/07\/Mayaa-19.png 788w, https:\/\/mayaa.world\/wp-content\/uploads\/2023\/07\/Mayaa-19-237x300.png 237w, https:\/\/mayaa.world\/wp-content\/uploads\/2023\/07\/Mayaa-19-768x974.png 768w\" sizes=\"(max-width: 788px) 100vw, 788px\" \/><\/figure>\n<\/div>\n\n\n\n<div class=\"wp-block-column is-layout-flow wp-block-column-is-layout-flow\" style=\"flex-basis:85%\">\n<div style=\"height:20px\" aria-hidden=\"true\" class=\"wp-block-spacer\"><\/div>\n\n\n\n<p style=\"font-size:16px\"><strong>Rejoignez-nous pour donner une seconde vie aux uniformes <em>tout en offrant de meilleures opportunit\u00e9s d&rsquo;\u00e9ducation aux enfants dans le besoin.<\/em><\/strong><\/p>\n\n\n\n<p>Outre l&rsquo;achat d&rsquo;uniformes, vous pouvez \u00e9galement contribuer en faisant don de vos uniformes l\u00e9g\u00e8rement usag\u00e9s dans divers points de collecte \u00e0 Hong Kong. Nous vous demandons de ne donner que des uniformes en bon \u00e9tat.&#13;\n<\/p>\n\n\n\n<p>De plus, nous organisons r\u00e9guli\u00e8rement des ventes sur les campus de l&rsquo;Ecole Internationale Fran\u00e7aise. Restez inform\u00e9s des dates et des lieux en nous suivant sur Instagram et Facebook.<\/p>\n\n\n\n<p>Merci de nous aider \u00e0 faire la diff\u00e9rence dans la vie des enfants d\u00e9favoris\u00e9s gr\u00e2ce \u00e0 la vente d&rsquo;uniformes d&rsquo;occasion de Mayaa Nepal.<\/p>\n<\/div>\n<\/div>\n<\/div>\n\n\n\n<div class=\"wp-block-column is-layout-flow wp-block-column-is-layout-flow\" style=\"flex-basis:2%\"><\/div>\n\n\n\n<div class=\"wp-block-column colcontact is-layout-flow wp-block-column-is-layout-flow\">\n<p class=\"has-text-align-center\" style=\"font-size:10px\"><em>Les champs suivis d&rsquo;une * sont obligatoires<\/em>.<\/p>\n\n\n\n<div style=\"height:21px\" aria-hidden=\"true\" class=\"wp-block-spacer\"><\/div>\n\n\n\n<div class=\"wpcf7 no-js\" id=\"wpcf7-f5101-o1\" lang=\"en-US\" dir=\"ltr\" data-wpcf7-id=\"5101\">\n<div class=\"screen-reader-response\"><p role=\"status\" aria-live=\"polite\" aria-atomic=\"true\"><\/p> <ul><\/ul><\/div>\n<form action=\"\/fr\/wp-json\/wp\/v2\/pages\/5726#wpcf7-f5101-o1\" method=\"post\" class=\"wpcf7-form init\" aria-label=\"Contact form\" novalidate=\"novalidate\" data-status=\"init\">\n<fieldset class=\"hidden-fields-container\"><input type=\"hidden\" name=\"_wpcf7\" value=\"5101\" \/><input type=\"hidden\" name=\"_wpcf7_version\" value=\"6.1.5\" \/><input type=\"hidden\" name=\"_wpcf7_locale\" value=\"en_US\" \/><input type=\"hidden\" name=\"_wpcf7_unit_tag\" value=\"wpcf7-f5101-o1\" \/><input type=\"hidden\" name=\"_wpcf7_container_post\" value=\"0\" \/><input type=\"hidden\" name=\"_wpcf7_posted_data_hash\" value=\"\" \/>\n<\/fieldset>\n<p>Please, fill one form per child<br \/>\n<label> Your name*<br \/>\n<span class=\"wpcf7-form-control-wrap\" data-name=\"your-name\"><input size=\"40\" maxlength=\"400\" class=\"wpcf7-form-control wpcf7-text wpcf7-validates-as-required\" autocomplete=\"name\" aria-required=\"true\" aria-invalid=\"false\" value=\"\" type=\"text\" name=\"your-name\" \/><\/span> <\/label>\n<\/p>\n<p><label> Your email*<br \/>\n<span class=\"wpcf7-form-control-wrap\" data-name=\"your-email\"><input size=\"40\" maxlength=\"400\" class=\"wpcf7-form-control wpcf7-email wpcf7-validates-as-required wpcf7-text wpcf7-validates-as-email\" autocomplete=\"email\" aria-required=\"true\" aria-invalid=\"false\" value=\"\" type=\"email\" name=\"your-email\" \/><\/span> <\/label>\n<\/p>\n<p><label> Your Whatsapp number*<br \/>\n<span class=\"wpcf7-form-control-wrap\" data-name=\"whatsappnumber\"><input size=\"40\" maxlength=\"400\" class=\"wpcf7-form-control wpcf7-text\" aria-invalid=\"false\" value=\"\" type=\"text\" name=\"whatsappnumber\" \/><\/span> <\/label>\n<\/p>\n<p>Gender*<br \/>\n<span class=\"wpcf7-form-control-wrap\" data-name=\"Gender\"><span class=\"wpcf7-form-control wpcf7-checkbox\"><span class=\"wpcf7-list-item first\"><label><input type=\"checkbox\" name=\"Gender[]\" value=\"Girl\" checked=\"checked\" \/><span class=\"wpcf7-list-item-label\">Girl<\/span><\/label><\/span><span class=\"wpcf7-list-item last\"><label><input type=\"checkbox\" name=\"Gender[]\" value=\"Boy\" \/><span class=\"wpcf7-list-item-label\">Boy<\/span><\/label><\/span><\/span><\/span>\n<\/p>\n<p>Age*<br \/>\n<span class=\"wpcf7-form-control-wrap\" data-name=\"Age\"><select class=\"wpcf7-form-control wpcf7-select wpcf7-validates-as-required\" aria-required=\"true\" aria-invalid=\"false\" name=\"Age\"><option value=\"4Y\">4Y<\/option><option value=\"6Y\">6Y<\/option><option value=\"8Y\">8Y<\/option><option value=\"10Y\">10Y<\/option><option value=\"12Y\">12Y<\/option><\/select><\/span>\n<\/p>\n<p>Your order*<br \/>\n<span class=\"wpcf7-form-control-wrap\" data-name=\"Typeofclothes\"><span class=\"wpcf7-form-control wpcf7-checkbox\"><span class=\"wpcf7-list-item first\"><label><input type=\"checkbox\" name=\"Typeofclothes[]\" value=\"Short Sleeve Polo\" \/><span class=\"wpcf7-list-item-label\">Short Sleeve Polo<\/span><\/label><\/span><span class=\"wpcf7-list-item\"><label><input type=\"checkbox\" name=\"Typeofclothes[]\" value=\"Long Sleeve Polo\" \/><span class=\"wpcf7-list-item-label\">Long Sleeve Polo<\/span><\/label><\/span><span class=\"wpcf7-list-item\"><label><input type=\"checkbox\" name=\"Typeofclothes[]\" value=\"Legging\" \/><span class=\"wpcf7-list-item-label\">Legging<\/span><\/label><\/span><span class=\"wpcf7-list-item\"><label><input type=\"checkbox\" name=\"Typeofclothes[]\" value=\"Pant\" \/><span class=\"wpcf7-list-item-label\">Pant<\/span><\/label><\/span><span class=\"wpcf7-list-item\"><label><input type=\"checkbox\" name=\"Typeofclothes[]\" value=\"Skirt\" \/><span class=\"wpcf7-list-item-label\">Skirt<\/span><\/label><\/span><span class=\"wpcf7-list-item\"><label><input type=\"checkbox\" name=\"Typeofclothes[]\" value=\"Dress\" \/><span class=\"wpcf7-list-item-label\">Dress<\/span><\/label><\/span><span class=\"wpcf7-list-item\"><label><input type=\"checkbox\" name=\"Typeofclothes[]\" value=\"Short\" \/><span class=\"wpcf7-list-item-label\">Short<\/span><\/label><\/span><span class=\"wpcf7-list-item\"><label><input type=\"checkbox\" name=\"Typeofclothes[]\" value=\"Cardigan\" \/><span class=\"wpcf7-list-item-label\">Cardigan<\/span><\/label><\/span><span class=\"wpcf7-list-item\"><label><input type=\"checkbox\" name=\"Typeofclothes[]\" value=\"Sweater\" \/><span class=\"wpcf7-list-item-label\">Sweater<\/span><\/label><\/span><span class=\"wpcf7-list-item\"><label><input type=\"checkbox\" name=\"Typeofclothes[]\" value=\"Hoodie\" \/><span class=\"wpcf7-list-item-label\">Hoodie<\/span><\/label><\/span><span class=\"wpcf7-list-item\"><label><input type=\"checkbox\" name=\"Typeofclothes[]\" value=\"Sport uniform top\" \/><span class=\"wpcf7-list-item-label\">Sport uniform top<\/span><\/label><\/span><span class=\"wpcf7-list-item\"><label><input type=\"checkbox\" name=\"Typeofclothes[]\" value=\"Sport uniform short\" \/><span class=\"wpcf7-list-item-label\">Sport uniform short<\/span><\/label><\/span><span class=\"wpcf7-list-item last\"><label><input type=\"checkbox\" name=\"Typeofclothes[]\" value=\"Sport uniform pant\" \/><span class=\"wpcf7-list-item-label\">Sport uniform pant<\/span><\/label><\/span><\/span><\/span>\n<\/p>\n<p><label> Your message<br \/>\n<span class=\"wpcf7-form-control-wrap\" data-name=\"your-message\"><textarea cols=\"40\" rows=\"10\" maxlength=\"2000\" class=\"wpcf7-form-control wpcf7-textarea\" aria-invalid=\"false\" name=\"your-message\"><\/textarea><\/span> <\/label>\n<\/p>\n<p><input class=\"wpcf7-form-control wpcf7-submit has-spinner\" type=\"submit\" value=\"Submit\" \/>\n<\/p><div class=\"wpcf7-response-output\" aria-hidden=\"true\"><\/div>\n<\/form>\n<\/div>\n\n<\/div>\n<\/div>\n\n<div style=\"height:60px\" aria-hidden=\"true\" class=\"wp-block-spacer\"><\/div>\n\n<figure class=\"wp-block-gallery has-nested-images columns-default is-cropped wp-block-gallery-1 is-layout-flex wp-block-gallery-is-layout-flex\">\n<figure class=\"wp-block-image size-large\"><img decoding=\"async\" width=\"768\" height=\"1024\" data-id=\"5141\" src=\"https:\/\/jtr.yoh.mybluehost.me\/wp-content\/uploads\/2023\/07\/PHOTO-2022-03-29-21-08-08-1-768x1024.jpg\" alt=\"\" class=\"wp-image-5141\" srcset=\"https:\/\/mayaa.world\/wp-content\/uploads\/2023\/07\/PHOTO-2022-03-29-21-08-08-1-768x1024.jpg 768w, https:\/\/mayaa.world\/wp-content\/uploads\/2023\/07\/PHOTO-2022-03-29-21-08-08-1-225x300.jpg 225w, https:\/\/mayaa.world\/wp-content\/uploads\/2023\/07\/PHOTO-2022-03-29-21-08-08-1-1152x1536.jpg 1152w, https:\/\/mayaa.world\/wp-content\/uploads\/2023\/07\/PHOTO-2022-03-29-21-08-08-1.jpg 1200w\" sizes=\"(max-width: 768px) 100vw, 768px\" \/><\/figure>\n\n\n\n<figure class=\"wp-block-image size-large\"><img loading=\"lazy\" decoding=\"async\" width=\"768\" height=\"1024\" data-id=\"5148\" src=\"https:\/\/jtr.yoh.mybluehost.me\/wp-content\/uploads\/2023\/07\/PHOTO-2022-03-29-21-08-08-768x1024.jpg\" alt=\"\" class=\"wp-image-5148\" srcset=\"https:\/\/mayaa.world\/wp-content\/uploads\/2023\/07\/PHOTO-2022-03-29-21-08-08-768x1024.jpg 768w, https:\/\/mayaa.world\/wp-content\/uploads\/2023\/07\/PHOTO-2022-03-29-21-08-08-225x300.jpg 225w, https:\/\/mayaa.world\/wp-content\/uploads\/2023\/07\/PHOTO-2022-03-29-21-08-08-1152x1536.jpg 1152w, https:\/\/mayaa.world\/wp-content\/uploads\/2023\/07\/PHOTO-2022-03-29-21-08-08.jpg 1200w\" sizes=\"(max-width: 768px) 100vw, 768px\" \/><\/figure>\n\n\n\n<figure class=\"wp-block-image size-large\"><img loading=\"lazy\" decoding=\"async\" width=\"768\" height=\"1024\" data-id=\"5140\" src=\"https:\/\/jtr.yoh.mybluehost.me\/wp-content\/uploads\/2023\/07\/PHOTO-2022-09-10-11-40-09.jpg\" alt=\"\" class=\"wp-image-5140\" srcset=\"https:\/\/mayaa.world\/wp-content\/uploads\/2023\/07\/PHOTO-2022-09-10-11-40-09.jpg 768w, https:\/\/mayaa.world\/wp-content\/uploads\/2023\/07\/PHOTO-2022-09-10-11-40-09-225x300.jpg 225w\" sizes=\"(max-width: 768px) 100vw, 768px\" \/><\/figure>\n<\/figure>\n","protected":false},"excerpt":{"rendered":"<p>Bienvenue \u00e0 la vente d&rsquo;uniformes d&rsquo;occasion de Mayaa Nepal ! 2 fa\u00e7ons de s&rsquo;engager ! Achetez des uniformes d&rsquo;occasion de qualit\u00e9 tout en soutenant nos initiatives en faveur des enfants d\u00e9favoris\u00e9s. Chaque achat contribue \u00e0 financer nos projets \u00e9ducatifs et sociaux au N\u00e9pal et \u00e0 Hong Kong. Remplissez le formulaire de commande pour s\u00e9lectionner les [&hellip;]<\/p>\n","protected":false},"author":3,"featured_media":0,"parent":0,"menu_order":0,"comment_status":"closed","ping_status":"closed","template":"","meta":{"ocean_post_layout":"","ocean_both_sidebars_style":"","ocean_both_sidebars_content_width":0,"ocean_both_sidebars_sidebars_width":0,"ocean_sidebar":"0","ocean_second_sidebar":"0","ocean_disable_margins":"enable","ocean_add_body_class":"","ocean_shortcode_before_top_bar":"","ocean_shortcode_after_top_bar":"","ocean_shortcode_before_header":"","ocean_shortcode_after_header":"","ocean_has_shortcode":"","ocean_shortcode_after_title":"","ocean_shortcode_before_footer_widgets":"","ocean_shortcode_after_footer_widgets":"","ocean_shortcode_before_footer_bottom":"","ocean_shortcode_after_footer_bottom":"","ocean_display_top_bar":"default","ocean_display_header":"default","ocean_header_style":"","ocean_center_header_left_menu":"0","ocean_custom_header_template":"0","ocean_custom_logo":0,"ocean_custom_retina_logo":0,"ocean_custom_logo_max_width":0,"ocean_custom_logo_tablet_max_width":0,"ocean_custom_logo_mobile_max_width":0,"ocean_custom_logo_max_height":0,"ocean_custom_logo_tablet_max_height":0,"ocean_custom_logo_mobile_max_height":0,"ocean_header_custom_menu":"0","ocean_menu_typo_font_family":"0","ocean_menu_typo_font_subset":"","ocean_menu_typo_font_size":0,"ocean_menu_typo_font_size_tablet":0,"ocean_menu_typo_font_size_mobile":0,"ocean_menu_typo_font_size_unit":"px","ocean_menu_typo_font_weight":"","ocean_menu_typo_font_weight_tablet":"","ocean_menu_typo_font_weight_mobile":"","ocean_menu_typo_transform":"","ocean_menu_typo_transform_tablet":"","ocean_menu_typo_transform_mobile":"","ocean_menu_typo_line_height":0,"ocean_menu_typo_line_height_tablet":0,"ocean_menu_typo_line_height_mobile":0,"ocean_menu_typo_line_height_unit":"","ocean_menu_typo_spacing":0,"ocean_menu_typo_spacing_tablet":0,"ocean_menu_typo_spacing_mobile":0,"ocean_menu_typo_spacing_unit":"","ocean_menu_link_color":"","ocean_menu_link_color_hover":"","ocean_menu_link_color_active":"","ocean_menu_link_background":"","ocean_menu_link_hover_background":"","ocean_menu_link_active_background":"","ocean_menu_social_links_bg":"","ocean_menu_social_hover_links_bg":"","ocean_menu_social_links_color":"","ocean_menu_social_hover_links_color":"","ocean_disable_title":"default","ocean_disable_heading":"default","ocean_post_title":"","ocean_post_subheading":"","ocean_post_title_style":"","ocean_post_title_background_color":"","ocean_post_title_background":0,"ocean_post_title_bg_image_position":"","ocean_post_title_bg_image_attachment":"","ocean_post_title_bg_image_repeat":"","ocean_post_title_bg_image_size":"","ocean_post_title_height":0,"ocean_post_title_bg_overlay":0.5,"ocean_post_title_bg_overlay_color":"","ocean_disable_breadcrumbs":"default","ocean_breadcrumbs_color":"","ocean_breadcrumbs_separator_color":"","ocean_breadcrumbs_links_color":"","ocean_breadcrumbs_links_hover_color":"","ocean_display_footer_widgets":"default","ocean_display_footer_bottom":"default","ocean_custom_footer_template":"0","footnotes":""},"class_list":["post-5726","page","type-page","status-publish","hentry","entry"],"yoast_head":"<!-- This site is optimized with the Yoast SEO plugin v27.4 - https:\/\/yoast.com\/product\/yoast-seo-wordpress\/ -->\n<title>LFI Uniformes - Mayaa World<\/title>\n<meta name=\"robots\" content=\"index, follow, max-snippet:-1, max-image-preview:large, max-video-preview:-1\" \/>\n<link rel=\"canonical\" href=\"https:\/\/mayaa.world\/fis-uniforms\/\" \/>\n<meta property=\"og:locale\" content=\"fr_FR\" \/>\n<meta property=\"og:type\" content=\"article\" \/>\n<meta property=\"og:title\" content=\"LFI Uniformes - Mayaa World\" \/>\n<meta property=\"og:description\" content=\"Bienvenue \u00e0 la vente d&rsquo;uniformes d&rsquo;occasion de Mayaa Nepal ! 2 fa\u00e7ons de s&rsquo;engager ! Achetez des uniformes d&rsquo;occasion de qualit\u00e9 tout en soutenant nos initiatives en faveur des enfants d\u00e9favoris\u00e9s. Chaque achat contribue \u00e0 financer nos projets \u00e9ducatifs et sociaux au N\u00e9pal et \u00e0 Hong Kong. Remplissez le formulaire de commande pour s\u00e9lectionner les [&hellip;]\" \/>\n<meta property=\"og:url\" content=\"https:\/\/mayaa.world\/fis-uniforms\/\" \/>\n<meta property=\"og:site_name\" content=\"Mayaa World\" \/>\n<meta property=\"article:modified_time\" content=\"2023-07-20T09:29:33+00:00\" \/>\n<meta property=\"og:image\" content=\"https:\/\/jtr.yoh.mybluehost.me\/wp-content\/uploads\/2023\/07\/Mayaa-18.png\" \/>\n<meta name=\"twitter:card\" content=\"summary_large_image\" \/>\n<meta name=\"twitter:label1\" content=\"Dur\u00e9e de lecture estim\u00e9e\" \/>\n\t<meta name=\"twitter:data1\" content=\"1 minute\" \/>\n<script type=\"application\/ld+json\" class=\"yoast-schema-graph\">{\"@context\":\"https:\\\/\\\/schema.org\",\"@graph\":[{\"@type\":\"WebPage\",\"@id\":\"https:\\\/\\\/mayaa.world\\\/fis-uniforms\\\/\",\"url\":\"https:\\\/\\\/mayaa.world\\\/fis-uniforms\\\/\",\"name\":\"LFI Uniformes - Mayaa World\",\"isPartOf\":{\"@id\":\"https:\\\/\\\/mayaa.world\\\/#website\"},\"primaryImageOfPage\":{\"@id\":\"https:\\\/\\\/mayaa.world\\\/fis-uniforms\\\/#primaryimage\"},\"image\":{\"@id\":\"https:\\\/\\\/mayaa.world\\\/fis-uniforms\\\/#primaryimage\"},\"thumbnailUrl\":\"https:\\\/\\\/jtr.yoh.mybluehost.me\\\/wp-content\\\/uploads\\\/2023\\\/07\\\/Mayaa-18.png\",\"datePublished\":\"2023-07-19T13:04:27+00:00\",\"dateModified\":\"2023-07-20T09:29:33+00:00\",\"breadcrumb\":{\"@id\":\"https:\\\/\\\/mayaa.world\\\/fis-uniforms\\\/#breadcrumb\"},\"inLanguage\":\"fr-FR\",\"potentialAction\":[{\"@type\":\"ReadAction\",\"target\":[\"https:\\\/\\\/mayaa.world\\\/fis-uniforms\\\/\"]}]},{\"@type\":\"ImageObject\",\"inLanguage\":\"fr-FR\",\"@id\":\"https:\\\/\\\/mayaa.world\\\/fis-uniforms\\\/#primaryimage\",\"url\":\"https:\\\/\\\/jtr.yoh.mybluehost.me\\\/wp-content\\\/uploads\\\/2023\\\/07\\\/Mayaa-18.png\",\"contentUrl\":\"https:\\\/\\\/jtr.yoh.mybluehost.me\\\/wp-content\\\/uploads\\\/2023\\\/07\\\/Mayaa-18.png\"},{\"@type\":\"BreadcrumbList\",\"@id\":\"https:\\\/\\\/mayaa.world\\\/fis-uniforms\\\/#breadcrumb\",\"itemListElement\":[{\"@type\":\"ListItem\",\"position\":1,\"name\":\"Home\",\"item\":\"https:\\\/\\\/mayaa.world\\\/fr\\\/\"},{\"@type\":\"ListItem\",\"position\":2,\"name\":\"LFI Uniformes\"}]},{\"@type\":\"WebSite\",\"@id\":\"https:\\\/\\\/mayaa.world\\\/#website\",\"url\":\"https:\\\/\\\/mayaa.world\\\/\",\"name\":\"Mayaa World\",\"description\":\"Development through education\",\"publisher\":{\"@id\":\"https:\\\/\\\/mayaa.world\\\/#organization\"},\"potentialAction\":[{\"@type\":\"SearchAction\",\"target\":{\"@type\":\"EntryPoint\",\"urlTemplate\":\"https:\\\/\\\/mayaa.world\\\/?s={search_term_string}\"},\"query-input\":{\"@type\":\"PropertyValueSpecification\",\"valueRequired\":true,\"valueName\":\"search_term_string\"}}],\"inLanguage\":\"fr-FR\"},{\"@type\":\"Organization\",\"@id\":\"https:\\\/\\\/mayaa.world\\\/#organization\",\"name\":\"Mayaa World\",\"url\":\"https:\\\/\\\/mayaa.world\\\/\",\"logo\":{\"@type\":\"ImageObject\",\"inLanguage\":\"fr-FR\",\"@id\":\"https:\\\/\\\/mayaa.world\\\/#\\\/schema\\\/logo\\\/image\\\/\",\"url\":\"https:\\\/\\\/mayaa.world\\\/wp-content\\\/uploads\\\/2026\\\/03\\\/Mayaa-World-1-1.png\",\"contentUrl\":\"https:\\\/\\\/mayaa.world\\\/wp-content\\\/uploads\\\/2026\\\/03\\\/Mayaa-World-1-1.png\",\"width\":334,\"height\":334,\"caption\":\"Mayaa World\"},\"image\":{\"@id\":\"https:\\\/\\\/mayaa.world\\\/#\\\/schema\\\/logo\\\/image\\\/\"}}]}<\/script>\n<!-- \/ Yoast SEO plugin. -->","yoast_head_json":{"title":"LFI Uniformes - Mayaa World","robots":{"index":"index","follow":"follow","max-snippet":"max-snippet:-1","max-image-preview":"max-image-preview:large","max-video-preview":"max-video-preview:-1"},"canonical":"https:\/\/mayaa.world\/fis-uniforms\/","og_locale":"fr_FR","og_type":"article","og_title":"LFI Uniformes - Mayaa World","og_description":"Bienvenue \u00e0 la vente d&rsquo;uniformes d&rsquo;occasion de Mayaa Nepal ! 2 fa\u00e7ons de s&rsquo;engager ! Achetez des uniformes d&rsquo;occasion de qualit\u00e9 tout en soutenant nos initiatives en faveur des enfants d\u00e9favoris\u00e9s. Chaque achat contribue \u00e0 financer nos projets \u00e9ducatifs et sociaux au N\u00e9pal et \u00e0 Hong Kong. Remplissez le formulaire de commande pour s\u00e9lectionner les [&hellip;]","og_url":"https:\/\/mayaa.world\/fis-uniforms\/","og_site_name":"Mayaa World","article_modified_time":"2023-07-20T09:29:33+00:00","og_image":[{"url":"https:\/\/jtr.yoh.mybluehost.me\/wp-content\/uploads\/2023\/07\/Mayaa-18.png","type":"","width":"","height":""}],"twitter_card":"summary_large_image","twitter_misc":{"Dur\u00e9e de lecture estim\u00e9e":"1 minute"},"schema":{"@context":"https:\/\/schema.org","@graph":[{"@type":"WebPage","@id":"https:\/\/mayaa.world\/fis-uniforms\/","url":"https:\/\/mayaa.world\/fis-uniforms\/","name":"LFI Uniformes - Mayaa World","isPartOf":{"@id":"https:\/\/mayaa.world\/#website"},"primaryImageOfPage":{"@id":"https:\/\/mayaa.world\/fis-uniforms\/#primaryimage"},"image":{"@id":"https:\/\/mayaa.world\/fis-uniforms\/#primaryimage"},"thumbnailUrl":"https:\/\/jtr.yoh.mybluehost.me\/wp-content\/uploads\/2023\/07\/Mayaa-18.png","datePublished":"2023-07-19T13:04:27+00:00","dateModified":"2023-07-20T09:29:33+00:00","breadcrumb":{"@id":"https:\/\/mayaa.world\/fis-uniforms\/#breadcrumb"},"inLanguage":"fr-FR","potentialAction":[{"@type":"ReadAction","target":["https:\/\/mayaa.world\/fis-uniforms\/"]}]},{"@type":"ImageObject","inLanguage":"fr-FR","@id":"https:\/\/mayaa.world\/fis-uniforms\/#primaryimage","url":"https:\/\/jtr.yoh.mybluehost.me\/wp-content\/uploads\/2023\/07\/Mayaa-18.png","contentUrl":"https:\/\/jtr.yoh.mybluehost.me\/wp-content\/uploads\/2023\/07\/Mayaa-18.png"},{"@type":"BreadcrumbList","@id":"https:\/\/mayaa.world\/fis-uniforms\/#breadcrumb","itemListElement":[{"@type":"ListItem","position":1,"name":"Home","item":"https:\/\/mayaa.world\/fr\/"},{"@type":"ListItem","position":2,"name":"LFI Uniformes"}]},{"@type":"WebSite","@id":"https:\/\/mayaa.world\/#website","url":"https:\/\/mayaa.world\/","name":"Mayaa World","description":"Development through education","publisher":{"@id":"https:\/\/mayaa.world\/#organization"},"potentialAction":[{"@type":"SearchAction","target":{"@type":"EntryPoint","urlTemplate":"https:\/\/mayaa.world\/?s={search_term_string}"},"query-input":{"@type":"PropertyValueSpecification","valueRequired":true,"valueName":"search_term_string"}}],"inLanguage":"fr-FR"},{"@type":"Organization","@id":"https:\/\/mayaa.world\/#organization","name":"Mayaa World","url":"https:\/\/mayaa.world\/","logo":{"@type":"ImageObject","inLanguage":"fr-FR","@id":"https:\/\/mayaa.world\/#\/schema\/logo\/image\/","url":"https:\/\/mayaa.world\/wp-content\/uploads\/2026\/03\/Mayaa-World-1-1.png","contentUrl":"https:\/\/mayaa.world\/wp-content\/uploads\/2026\/03\/Mayaa-World-1-1.png","width":334,"height":334,"caption":"Mayaa World"},"image":{"@id":"https:\/\/mayaa.world\/#\/schema\/logo\/image\/"}}]}},"_links":{"self":[{"href":"https:\/\/mayaa.world\/fr\/wp-json\/wp\/v2\/pages\/5726","targetHints":{"allow":["GET"]}}],"collection":[{"href":"https:\/\/mayaa.world\/fr\/wp-json\/wp\/v2\/pages"}],"about":[{"href":"https:\/\/mayaa.world\/fr\/wp-json\/wp\/v2\/types\/page"}],"author":[{"embeddable":true,"href":"https:\/\/mayaa.world\/fr\/wp-json\/wp\/v2\/users\/3"}],"replies":[{"embeddable":true,"href":"https:\/\/mayaa.world\/fr\/wp-json\/wp\/v2\/comments?post=5726"}],"version-history":[{"count":2,"href":"https:\/\/mayaa.world\/fr\/wp-json\/wp\/v2\/pages\/5726\/revisions"}],"predecessor-version":[{"id":5758,"href":"https:\/\/mayaa.world\/fr\/wp-json\/wp\/v2\/pages\/5726\/revisions\/5758"}],"wp:attachment":[{"href":"https:\/\/mayaa.world\/fr\/wp-json\/wp\/v2\/media?parent=5726"}],"curies":[{"name":"wp","href":"https:\/\/api.w.org\/{rel}","templated":true}]}}