{"id":5733,"date":"2023-07-20T08:33:12","date_gmt":"2023-07-20T08:33:12","guid":{"rendered":"https:\/\/jtr.yoh.mybluehost.me\/parrainer\/parrainer-un-eleve-du-primaire-ou-du-secondaire\/"},"modified":"2026-03-12T17:05:40","modified_gmt":"2026-03-12T17:05:40","slug":"parrainer-un-eleve-du-primaire-ou-du-secondaire","status":"publish","type":"page","link":"https:\/\/mayaa.world\/fr\/parrainer-un-enfant\/parrainer-un-eleve-du-primaire-ou-du-secondaire\/","title":{"rendered":"Parrainer un \u00e9l\u00e8ve du primaire ou du secondaire"},"content":{"rendered":"\n<div class=\"wp-block-cover is-light\"><span aria-hidden=\"true\" class=\"wp-block-cover__background has-background-dim-20 has-background-dim\" style=\"background-color:#213f71\"><\/span><img fetchpriority=\"high\" decoding=\"async\" width=\"1200\" height=\"400\" class=\"wp-block-cover__image-background wp-image-1133\" alt=\"\" src=\"https:\/\/jtr.yoh.mybluehost.me\/wp-content\/uploads\/2019\/05\/ban-sol2.jpg\" data-object-fit=\"cover\" srcset=\"https:\/\/mayaa.world\/wp-content\/uploads\/2019\/05\/ban-sol2.jpg 1200w, https:\/\/mayaa.world\/wp-content\/uploads\/2019\/05\/ban-sol2-300x100.jpg 300w, https:\/\/mayaa.world\/wp-content\/uploads\/2019\/05\/ban-sol2-768x256.jpg 768w, https:\/\/mayaa.world\/wp-content\/uploads\/2019\/05\/ban-sol2-1024x341.jpg 1024w, https:\/\/mayaa.world\/wp-content\/uploads\/2019\/05\/ban-sol2-1080x360.jpg 1080w\" sizes=\"(max-width: 1200px) 100vw, 1200px\" \/><div class=\"wp-block-cover__inner-container is-layout-flow wp-block-cover-is-layout-flow\">\n<h1 class=\"containertext textbandeauentete wp-block-heading has-white-color has-text-color\">Parrainer un \u00e9l\u00e8ve du primaire ou du secondaire<\/h1>\n<\/div><\/div>\n\n\n\n<div style=\"height:40px\" aria-hidden=\"true\" class=\"wp-block-spacer\"><\/div>\n\n\n\n<div class=\"containertext wp-block-group\"><div class=\"wp-block-group__inner-container is-layout-constrained wp-block-group-is-layout-constrained\">\n<div class=\"containertext wp-block-group\"><div class=\"wp-block-group__inner-container is-layout-constrained wp-block-group-is-layout-constrained\">\n<p class=\"has-text-align-center\"><strong>Un engagement \u00e0 long terme pour un petit montant !<\/strong><\/p>\n\n\n\n<p class=\"has-text-align-center\" style=\"font-size:18px\"><em>En devenant \u00ab\u00a0parrain\u00a0\u00bb, vous offrez \u00e0 un enfant la garantie d&rsquo;un avenir meilleur et l&rsquo;assurance que quelqu&rsquo;un le soutiendra tout au long de sa scolarit\u00e9.<\/em><\/p>\n\n\n\n<p class=\"has-text-align-center\">Vous parrainerez un enfant sp\u00e9cifique et recevrez r\u00e9guli\u00e8rement des nouvelles de ses progr\u00e8s.\n<br>Votre \u00ab\u00a0filleul\u00a0\u00bb vous \u00e9crira r\u00e9guli\u00e8rement en anglais dans le cadre de ses \u00e9tudes.\n<br>Les enfants \u00e9ligibles au programme de parrainage sont en \u00e2ge de fr\u00e9quenter l&rsquo;\u00e9cole secondaire et ont fait preuve d&rsquo;une r\u00e9elle volont\u00e9 de terminer leurs \u00e9tudes.\n<br><strong>La p\u00e9riode d&rsquo;engagement dure environ 6 \u00e0 8 ans.<\/strong><\/p>\n\n\n\n<p class=\"has-text-align-center\"><strong>Et pourquoi ne pas parrainer un correspondant pour votre propre enfant ?<\/strong>\n<br>C&rsquo;est un excellent moyen de mettre en relation des enfants de cultures et de milieux diff\u00e9rents.<\/p>\n<\/div><\/div>\n\n\n\n<div style=\"height:40px\" aria-hidden=\"true\" class=\"wp-block-spacer\"><\/div>\n\n\n\n<h3 class=\"wp-block-heading has-text-align-center has-large-font-size\" id=\"sponsor\">Parrainer un enfant en 2 \u00e9tapes<\/h3>\n\n\n\n<div style=\"height:20px\" aria-hidden=\"true\" class=\"wp-block-spacer\"><\/div>\n\n\n\n<div class=\"prezvolunteer wp-block-columns is-layout-flex wp-container-core-columns-is-layout-9d6595d7 wp-block-columns-is-layout-flex\">\n<div class=\"wp-block-column is-layout-flow wp-block-column-is-layout-flow\">\n<figure class=\"wp-block-image size-full\"><img decoding=\"async\" width=\"3554\" height=\"849\" src=\"https:\/\/mayaa.world\/wp-content\/uploads\/2023\/06\/Mayaa-14.png\" alt=\"\" class=\"wp-image-4970\" srcset=\"https:\/\/mayaa.world\/wp-content\/uploads\/2023\/06\/Mayaa-14.png 3554w, https:\/\/mayaa.world\/wp-content\/uploads\/2023\/06\/Mayaa-14-300x72.png 300w, https:\/\/mayaa.world\/wp-content\/uploads\/2023\/06\/Mayaa-14-1024x245.png 1024w, https:\/\/mayaa.world\/wp-content\/uploads\/2023\/06\/Mayaa-14-768x183.png 768w, https:\/\/mayaa.world\/wp-content\/uploads\/2023\/06\/Mayaa-14-1536x367.png 1536w, https:\/\/mayaa.world\/wp-content\/uploads\/2023\/06\/Mayaa-14-2048x489.png 2048w\" sizes=\"(max-width: 3554px) 100vw, 3554px\" \/><\/figure>\n\n\n\n<div style=\"height:20px\" aria-hidden=\"true\" class=\"wp-block-spacer\"><\/div>\n\n\n\n<p class=\"has-text-align-center\">Remplissez le formulaire ci-dessous<\/p>\n\n\n\n<div class=\"formsponsor wp-block-group\"><div class=\"wp-block-group__inner-container is-layout-constrained wp-block-group-is-layout-constrained\">\n<div style=\"height:20px\" aria-hidden=\"true\" class=\"wp-block-spacer\"><\/div>\n\n\n\n<p class=\"has-text-align-center\" style=\"font-size:10px\">Les champs suivis par une * sont obligatoires.<\/p>\n\n\n\n<div class=\"wpcf7 no-js\" id=\"wpcf7-f4676-o1\" lang=\"en-US\" dir=\"ltr\" data-wpcf7-id=\"4676\">\n<div class=\"screen-reader-response\"><p role=\"status\" aria-live=\"polite\" aria-atomic=\"true\"><\/p> <ul><\/ul><\/div>\n<form action=\"\/fr\/wp-json\/wp\/v2\/pages\/5733#wpcf7-f4676-o1\" method=\"post\" class=\"wpcf7-form init\" aria-label=\"Contact form\" novalidate=\"novalidate\" data-status=\"init\">\n<fieldset class=\"hidden-fields-container\"><input type=\"hidden\" name=\"_wpcf7\" value=\"4676\" \/><input type=\"hidden\" name=\"_wpcf7_version\" value=\"6.1.5\" \/><input type=\"hidden\" name=\"_wpcf7_locale\" value=\"en_US\" \/><input type=\"hidden\" name=\"_wpcf7_unit_tag\" value=\"wpcf7-f4676-o1\" \/><input type=\"hidden\" name=\"_wpcf7_container_post\" value=\"0\" \/><input type=\"hidden\" name=\"_wpcf7_posted_data_hash\" value=\"\" \/>\n<\/fieldset>\n<p><label>Name*<br \/>\n<span class=\"wpcf7-form-control-wrap\" data-name=\"your-name\"><input size=\"40\" maxlength=\"400\" class=\"wpcf7-form-control wpcf7-text wpcf7-validates-as-required\" autocomplete=\"name\" aria-required=\"true\" aria-invalid=\"false\" value=\"\" type=\"text\" name=\"your-name\" \/><\/span> <\/label>\n<\/p>\n<p><label>Email*<br \/>\n<span class=\"wpcf7-form-control-wrap\" data-name=\"your-email\"><input size=\"40\" maxlength=\"400\" class=\"wpcf7-form-control wpcf7-email wpcf7-validates-as-required wpcf7-text wpcf7-validates-as-email\" autocomplete=\"email\" aria-required=\"true\" aria-invalid=\"false\" value=\"\" type=\"email\" name=\"your-email\" \/><\/span> <\/label>\n<\/p>\n<p><label>Address*<br \/>\n<span class=\"wpcf7-form-control-wrap\" data-name=\"Address\"><input size=\"40\" maxlength=\"400\" class=\"wpcf7-form-control wpcf7-text wpcf7-validates-as-required\" aria-required=\"true\" aria-invalid=\"false\" value=\"\" type=\"text\" name=\"Address\" \/><\/span> <\/label>\n<\/p>\n<p><label>Phone number*<br \/>\n<span class=\"wpcf7-form-control-wrap\" data-name=\"Tel\"><input size=\"40\" maxlength=\"400\" class=\"wpcf7-form-control wpcf7-tel wpcf7-validates-as-required wpcf7-text wpcf7-validates-as-tel\" aria-required=\"true\" aria-invalid=\"false\" value=\"\" type=\"tel\" name=\"Tel\" \/><\/span><\/label>\n<\/p>\n<p><label> Prefered Age<br \/>\n<span class=\"wpcf7-form-control-wrap\" data-name=\"Age\"><input size=\"40\" maxlength=\"400\" class=\"wpcf7-form-control wpcf7-text\" aria-invalid=\"false\" value=\"\" type=\"text\" name=\"Age\" \/><\/span><\/label>\n<\/p>\n<p><label> Prefered Gender<br \/>\n<span class=\"wpcf7-form-control-wrap\" data-name=\"Gender\"><select class=\"wpcf7-form-control wpcf7-select\" aria-invalid=\"false\" name=\"Gender\"><option value=\"F\">F<\/option><option value=\"M\">M<\/option><option value=\"NA\">NA<\/option><\/select><\/span> <\/label>\n<\/p>\n<p><label> Your message<br \/>\n<span class=\"wpcf7-form-control-wrap\" data-name=\"your-message\"><textarea cols=\"40\" rows=\"10\" maxlength=\"2000\" class=\"wpcf7-form-control wpcf7-textarea\" aria-invalid=\"false\" name=\"your-message\"><\/textarea><\/span> <\/label>\n<\/p>\n<p><input class=\"wpcf7-form-control wpcf7-submit has-spinner\" type=\"submit\" value=\"Submit\" \/>\n<\/p><div class=\"wpcf7-response-output\" aria-hidden=\"true\"><\/div>\n<\/form>\n<\/div>\n\n\n\n\n<div style=\"height:20px\" aria-hidden=\"true\" class=\"wp-block-spacer\"><\/div>\n<\/div><\/div>\n<\/div>\n\n\n\n<div class=\"wp-block-column is-layout-flow wp-block-column-is-layout-flow\">\n<figure class=\"wp-block-image size-full\"><img decoding=\"async\" width=\"3554\" height=\"849\" src=\"https:\/\/mayaa.world\/wp-content\/uploads\/2023\/06\/Mayaa-15.png\" alt=\"\" class=\"wp-image-4976\" srcset=\"https:\/\/mayaa.world\/wp-content\/uploads\/2023\/06\/Mayaa-15.png 3554w, https:\/\/mayaa.world\/wp-content\/uploads\/2023\/06\/Mayaa-15-300x72.png 300w, https:\/\/mayaa.world\/wp-content\/uploads\/2023\/06\/Mayaa-15-1024x245.png 1024w, https:\/\/mayaa.world\/wp-content\/uploads\/2023\/06\/Mayaa-15-768x183.png 768w, https:\/\/mayaa.world\/wp-content\/uploads\/2023\/06\/Mayaa-15-1536x367.png 1536w, https:\/\/mayaa.world\/wp-content\/uploads\/2023\/06\/Mayaa-15-2048x489.png 2048w\" sizes=\"(max-width: 3554px) 100vw, 3554px\" \/><\/figure>\n\n\n\n<div style=\"height:20px\" aria-hidden=\"true\" class=\"wp-block-spacer\"><\/div>\n\n\n\n<p class=\"has-text-align-center\">Cliquez sur le bouton ci-dessous &amp; suivez la proc\u00e9dure <br>pour payer 240 \u20ac \/ an tout au long de la scolarit\u00e9 d&rsquo;un enfant<\/p>\n\n\n\n<div style=\"height:20px\" aria-hidden=\"true\" class=\"wp-block-spacer\"><\/div>\n\n\n\n<div class=\"wp-block-buttons is-content-justification-center is-layout-flex wp-container-core-buttons-is-layout-16018d1d wp-block-buttons-is-layout-flex\">\n<div class=\"wp-block-button\"><a class=\"wp-block-button__link has-white-color has-text-color has-background wp-element-button\" href=\"https:\/\/buy.stripe.com\/00g5kp1tea7g5Pi8wE\" style=\"border-radius:0px;background-color:#dc2c2c\"><strong>Payez 240\u20ac \/ an<\/strong><\/a><\/div>\n<\/div>\n\n\n\n<div style=\"height:40px\" aria-hidden=\"true\" class=\"wp-block-spacer\"><\/div>\n\n\n\n<p class=\"containertext has-text-align-center\">L&rsquo;\u00e9quipe de Mayaa vous contactera d\u00e8s r\u00e9ception de votre paiement pour mettre en place votre parrainage.\n<br>Vous recevrez plus de d\u00e9tails sur l&rsquo;enfant que vous parrainez dans les jours qui suivent.<\/p>\n\n\n\n<figure class=\"wp-block-image size-full\"><img loading=\"lazy\" decoding=\"async\" width=\"3554\" height=\"2449\" src=\"https:\/\/mayaa.world\/wp-content\/uploads\/2023\/06\/Mayaa-16-2.png\" alt=\"\" class=\"wp-image-5004\" srcset=\"https:\/\/mayaa.world\/wp-content\/uploads\/2023\/06\/Mayaa-16-2.png 3554w, https:\/\/mayaa.world\/wp-content\/uploads\/2023\/06\/Mayaa-16-2-300x207.png 300w, https:\/\/mayaa.world\/wp-content\/uploads\/2023\/06\/Mayaa-16-2-1024x706.png 1024w, https:\/\/mayaa.world\/wp-content\/uploads\/2023\/06\/Mayaa-16-2-768x529.png 768w, https:\/\/mayaa.world\/wp-content\/uploads\/2023\/06\/Mayaa-16-2-1536x1058.png 1536w, https:\/\/mayaa.world\/wp-content\/uploads\/2023\/06\/Mayaa-16-2-2048x1411.png 2048w\" sizes=\"(max-width: 3554px) 100vw, 3554px\" \/><\/figure>\n<\/div>\n<\/div>\n<\/div><\/div>\n\n\n\n<div style=\"height:60px\" aria-hidden=\"true\" class=\"wp-block-spacer\"><\/div>\n\n\n\n<p class=\"pasdemarge has-text-align-center has-medium-font-size\">Des questions sur le parrainage d&rsquo;enfants ?<\/p>\n\n\n\n<p class=\"has-text-align-center\">Contactez-nous \u00e0 l&rsquo;adresse  <a href=\"mailto:sponsorship@mayaa.world\">sponsorship@mayaa.world<\/a><\/p>\n\n\n\n<p class=\"has-text-align-center\" style=\"font-size:18px\"><strong><a href=\"https:\/\/jtr.yoh.mybluehost.me\/fr\/parrainer\/#sponsor\">D\u00e9couvrez nos autres programmes de parrainage ici<\/a> <\/strong><\/p>\n\n\n\n<div style=\"height:60px\" aria-hidden=\"true\" class=\"wp-block-spacer\"><\/div>\n\n\n\n<figure class=\"wp-block-gallery has-nested-images columns-default is-cropped wp-block-gallery-1 is-layout-flex wp-block-gallery-is-layout-flex\">\n<figure class=\"wp-block-image size-large\"><img loading=\"lazy\" decoding=\"async\" width=\"701\" height=\"1024\" data-id=\"4759\" src=\"https:\/\/mayaa.world\/wp-content\/uploads\/2023\/06\/students-writing-4-e1733792605633-701x1024.jpg\" alt=\"\" class=\"wp-image-4759\" srcset=\"https:\/\/mayaa.world\/wp-content\/uploads\/2023\/06\/students-writing-4-e1733792605633-701x1024.jpg 701w, https:\/\/mayaa.world\/wp-content\/uploads\/2023\/06\/students-writing-4-e1733792605633-205x300.jpg 205w, https:\/\/mayaa.world\/wp-content\/uploads\/2023\/06\/students-writing-4-e1733792605633.jpg 704w\" sizes=\"(max-width: 701px) 100vw, 701px\" \/><\/figure>\n\n\n\n<figure class=\"wp-block-image size-full\"><img decoding=\"async\" data-id=\"1947\" src=\"https:\/\/mayaa.world\/wp-content\/uploads\/2020\/01\/5-Daycare-1.jpg\" alt=\"\" class=\"wp-image-1947\"\/><\/figure>\n\n\n\n<figure class=\"wp-block-image size-large\"><img loading=\"lazy\" decoding=\"async\" width=\"768\" height=\"1024\" data-id=\"4761\" src=\"https:\/\/mayaa.world\/wp-content\/uploads\/2023\/06\/student-writing-3-768x1024.jpg\" alt=\"\" class=\"wp-image-4761\" srcset=\"https:\/\/mayaa.world\/wp-content\/uploads\/2023\/06\/student-writing-3-768x1024.jpg 768w, https:\/\/mayaa.world\/wp-content\/uploads\/2023\/06\/student-writing-3-225x300.jpg 225w, https:\/\/mayaa.world\/wp-content\/uploads\/2023\/06\/student-writing-3.jpg 828w\" sizes=\"(max-width: 768px) 100vw, 768px\" \/><\/figure>\n<\/figure>\n","protected":false},"excerpt":{"rendered":"<p>Un engagement \u00e0 long terme pour un petit montant ! En devenant \u00ab\u00a0parrain\u00a0\u00bb, vous offrez \u00e0 un enfant la garantie d&rsquo;un avenir meilleur et l&rsquo;assurance que quelqu&rsquo;un le soutiendra tout au long de sa scolarit\u00e9. Vous parrainerez un enfant sp\u00e9cifique et recevrez r\u00e9guli\u00e8rement des nouvelles de ses progr\u00e8s. Votre \u00ab\u00a0filleul\u00a0\u00bb vous \u00e9crira r\u00e9guli\u00e8rement en anglais [&hellip;]<\/p>\n","protected":false},"author":3,"featured_media":0,"parent":6733,"menu_order":0,"comment_status":"closed","ping_status":"closed","template":"","meta":{"ocean_post_layout":"","ocean_both_sidebars_style":"","ocean_both_sidebars_content_width":0,"ocean_both_sidebars_sidebars_width":0,"ocean_sidebar":"0","ocean_second_sidebar":"0","ocean_disable_margins":"enable","ocean_add_body_class":"","ocean_shortcode_before_top_bar":"","ocean_shortcode_after_top_bar":"","ocean_shortcode_before_header":"","ocean_shortcode_after_header":"","ocean_has_shortcode":"","ocean_shortcode_after_title":"","ocean_shortcode_before_footer_widgets":"","ocean_shortcode_after_footer_widgets":"","ocean_shortcode_before_footer_bottom":"","ocean_shortcode_after_footer_bottom":"","ocean_display_top_bar":"default","ocean_display_header":"default","ocean_header_style":"","ocean_center_header_left_menu":"0","ocean_custom_header_template":"0","ocean_custom_logo":0,"ocean_custom_retina_logo":0,"ocean_custom_logo_max_width":0,"ocean_custom_logo_tablet_max_width":0,"ocean_custom_logo_mobile_max_width":0,"ocean_custom_logo_max_height":0,"ocean_custom_logo_tablet_max_height":0,"ocean_custom_logo_mobile_max_height":0,"ocean_header_custom_menu":"0","ocean_menu_typo_font_family":"0","ocean_menu_typo_font_subset":"","ocean_menu_typo_font_size":0,"ocean_menu_typo_font_size_tablet":0,"ocean_menu_typo_font_size_mobile":0,"ocean_menu_typo_font_size_unit":"px","ocean_menu_typo_font_weight":"","ocean_menu_typo_font_weight_tablet":"","ocean_menu_typo_font_weight_mobile":"","ocean_menu_typo_transform":"","ocean_menu_typo_transform_tablet":"","ocean_menu_typo_transform_mobile":"","ocean_menu_typo_line_height":0,"ocean_menu_typo_line_height_tablet":0,"ocean_menu_typo_line_height_mobile":0,"ocean_menu_typo_line_height_unit":"","ocean_menu_typo_spacing":0,"ocean_menu_typo_spacing_tablet":0,"ocean_menu_typo_spacing_mobile":0,"ocean_menu_typo_spacing_unit":"","ocean_menu_link_color":"","ocean_menu_link_color_hover":"","ocean_menu_link_color_active":"","ocean_menu_link_background":"","ocean_menu_link_hover_background":"","ocean_menu_link_active_background":"","ocean_menu_social_links_bg":"","ocean_menu_social_hover_links_bg":"","ocean_menu_social_links_color":"","ocean_menu_social_hover_links_color":"","ocean_disable_title":"default","ocean_disable_heading":"default","ocean_post_title":"","ocean_post_subheading":"","ocean_post_title_style":"","ocean_post_title_background_color":"","ocean_post_title_background":0,"ocean_post_title_bg_image_position":"","ocean_post_title_bg_image_attachment":"","ocean_post_title_bg_image_repeat":"","ocean_post_title_bg_image_size":"","ocean_post_title_height":0,"ocean_post_title_bg_overlay":0.5,"ocean_post_title_bg_overlay_color":"","ocean_disable_breadcrumbs":"default","ocean_breadcrumbs_color":"","ocean_breadcrumbs_separator_color":"","ocean_breadcrumbs_links_color":"","ocean_breadcrumbs_links_hover_color":"","ocean_display_footer_widgets":"default","ocean_display_footer_bottom":"default","ocean_custom_footer_template":"0","footnotes":""},"class_list":["post-5733","page","type-page","status-publish","hentry","entry"],"yoast_head":"<!-- This site is optimized with the Yoast SEO plugin v27.4 - https:\/\/yoast.com\/product\/yoast-seo-wordpress\/ -->\n<title>Parrainer un \u00e9l\u00e8ve du primaire ou du secondaire - Mayaa World<\/title>\n<meta name=\"robots\" content=\"index, follow, max-snippet:-1, max-image-preview:large, max-video-preview:-1\" \/>\n<link rel=\"canonical\" href=\"https:\/\/mayaa.world\/sponsorship\/sponsor-a-primary-secondary-student\/\" \/>\n<meta property=\"og:locale\" content=\"fr_FR\" \/>\n<meta property=\"og:type\" content=\"article\" \/>\n<meta property=\"og:title\" content=\"Parrainer un \u00e9l\u00e8ve du primaire ou du secondaire - Mayaa World\" \/>\n<meta property=\"og:description\" content=\"Un engagement \u00e0 long terme pour un petit montant ! En devenant \u00ab\u00a0parrain\u00a0\u00bb, vous offrez \u00e0 un enfant la garantie d&rsquo;un avenir meilleur et l&rsquo;assurance que quelqu&rsquo;un le soutiendra tout au long de sa scolarit\u00e9. Vous parrainerez un enfant sp\u00e9cifique et recevrez r\u00e9guli\u00e8rement des nouvelles de ses progr\u00e8s. Votre \u00ab\u00a0filleul\u00a0\u00bb vous \u00e9crira r\u00e9guli\u00e8rement en anglais [&hellip;]\" \/>\n<meta property=\"og:url\" content=\"https:\/\/mayaa.world\/sponsorship\/sponsor-a-primary-secondary-student\/\" \/>\n<meta property=\"og:site_name\" content=\"Mayaa World\" \/>\n<meta property=\"article:modified_time\" content=\"2026-03-12T17:05:40+00:00\" \/>\n<meta property=\"og:image\" content=\"https:\/\/mayaa.world\/wp-content\/uploads\/2019\/05\/ban-sol2.jpg\" \/>\n\t<meta property=\"og:image:width\" content=\"1200\" \/>\n\t<meta property=\"og:image:height\" content=\"400\" \/>\n\t<meta property=\"og:image:type\" content=\"image\/jpeg\" \/>\n<meta name=\"twitter:card\" content=\"summary_large_image\" \/>\n<meta name=\"twitter:label1\" content=\"Dur\u00e9e de lecture estim\u00e9e\" \/>\n\t<meta name=\"twitter:data1\" content=\"3 minutes\" \/>\n<script type=\"application\/ld+json\" class=\"yoast-schema-graph\">{\"@context\":\"https:\\\/\\\/schema.org\",\"@graph\":[{\"@type\":\"WebPage\",\"@id\":\"https:\\\/\\\/mayaa.world\\\/sponsorship\\\/sponsor-a-primary-secondary-student\\\/\",\"url\":\"https:\\\/\\\/mayaa.world\\\/sponsorship\\\/sponsor-a-primary-secondary-student\\\/\",\"name\":\"Parrainer un \u00e9l\u00e8ve du primaire ou du secondaire - Mayaa World\",\"isPartOf\":{\"@id\":\"https:\\\/\\\/mayaa.world\\\/#website\"},\"primaryImageOfPage\":{\"@id\":\"https:\\\/\\\/mayaa.world\\\/sponsorship\\\/sponsor-a-primary-secondary-student\\\/#primaryimage\"},\"image\":{\"@id\":\"https:\\\/\\\/mayaa.world\\\/sponsorship\\\/sponsor-a-primary-secondary-student\\\/#primaryimage\"},\"thumbnailUrl\":\"https:\\\/\\\/jtr.yoh.mybluehost.me\\\/wp-content\\\/uploads\\\/2019\\\/05\\\/ban-sol2.jpg\",\"datePublished\":\"2023-07-20T08:33:12+00:00\",\"dateModified\":\"2026-03-12T17:05:40+00:00\",\"breadcrumb\":{\"@id\":\"https:\\\/\\\/mayaa.world\\\/sponsorship\\\/sponsor-a-primary-secondary-student\\\/#breadcrumb\"},\"inLanguage\":\"fr-FR\",\"potentialAction\":[{\"@type\":\"ReadAction\",\"target\":[\"https:\\\/\\\/mayaa.world\\\/sponsorship\\\/sponsor-a-primary-secondary-student\\\/\"]}]},{\"@type\":\"ImageObject\",\"inLanguage\":\"fr-FR\",\"@id\":\"https:\\\/\\\/mayaa.world\\\/sponsorship\\\/sponsor-a-primary-secondary-student\\\/#primaryimage\",\"url\":\"https:\\\/\\\/jtr.yoh.mybluehost.me\\\/wp-content\\\/uploads\\\/2019\\\/05\\\/ban-sol2.jpg\",\"contentUrl\":\"https:\\\/\\\/jtr.yoh.mybluehost.me\\\/wp-content\\\/uploads\\\/2019\\\/05\\\/ban-sol2.jpg\"},{\"@type\":\"BreadcrumbList\",\"@id\":\"https:\\\/\\\/mayaa.world\\\/sponsorship\\\/sponsor-a-primary-secondary-student\\\/#breadcrumb\",\"itemListElement\":[{\"@type\":\"ListItem\",\"position\":1,\"name\":\"Home\",\"item\":\"https:\\\/\\\/mayaa.world\\\/fr\\\/\"},{\"@type\":\"ListItem\",\"position\":2,\"name\":\"Parrainer un enfant\",\"item\":\"https:\\\/\\\/mayaa.world\\\/sponsorship\\\/\"},{\"@type\":\"ListItem\",\"position\":3,\"name\":\"Parrainer un \u00e9l\u00e8ve du primaire ou du secondaire\"}]},{\"@type\":\"WebSite\",\"@id\":\"https:\\\/\\\/mayaa.world\\\/#website\",\"url\":\"https:\\\/\\\/mayaa.world\\\/\",\"name\":\"Mayaa World\",\"description\":\"Development through education\",\"publisher\":{\"@id\":\"https:\\\/\\\/mayaa.world\\\/#organization\"},\"potentialAction\":[{\"@type\":\"SearchAction\",\"target\":{\"@type\":\"EntryPoint\",\"urlTemplate\":\"https:\\\/\\\/mayaa.world\\\/?s={search_term_string}\"},\"query-input\":{\"@type\":\"PropertyValueSpecification\",\"valueRequired\":true,\"valueName\":\"search_term_string\"}}],\"inLanguage\":\"fr-FR\"},{\"@type\":\"Organization\",\"@id\":\"https:\\\/\\\/mayaa.world\\\/#organization\",\"name\":\"Mayaa World\",\"url\":\"https:\\\/\\\/mayaa.world\\\/\",\"logo\":{\"@type\":\"ImageObject\",\"inLanguage\":\"fr-FR\",\"@id\":\"https:\\\/\\\/mayaa.world\\\/#\\\/schema\\\/logo\\\/image\\\/\",\"url\":\"https:\\\/\\\/mayaa.world\\\/wp-content\\\/uploads\\\/2026\\\/03\\\/Mayaa-World-1-1.png\",\"contentUrl\":\"https:\\\/\\\/mayaa.world\\\/wp-content\\\/uploads\\\/2026\\\/03\\\/Mayaa-World-1-1.png\",\"width\":334,\"height\":334,\"caption\":\"Mayaa World\"},\"image\":{\"@id\":\"https:\\\/\\\/mayaa.world\\\/#\\\/schema\\\/logo\\\/image\\\/\"}}]}<\/script>\n<!-- \/ Yoast SEO plugin. -->","yoast_head_json":{"title":"Parrainer un \u00e9l\u00e8ve du primaire ou du secondaire - Mayaa World","robots":{"index":"index","follow":"follow","max-snippet":"max-snippet:-1","max-image-preview":"max-image-preview:large","max-video-preview":"max-video-preview:-1"},"canonical":"https:\/\/mayaa.world\/sponsorship\/sponsor-a-primary-secondary-student\/","og_locale":"fr_FR","og_type":"article","og_title":"Parrainer un \u00e9l\u00e8ve du primaire ou du secondaire - Mayaa World","og_description":"Un engagement \u00e0 long terme pour un petit montant ! En devenant \u00ab\u00a0parrain\u00a0\u00bb, vous offrez \u00e0 un enfant la garantie d&rsquo;un avenir meilleur et l&rsquo;assurance que quelqu&rsquo;un le soutiendra tout au long de sa scolarit\u00e9. Vous parrainerez un enfant sp\u00e9cifique et recevrez r\u00e9guli\u00e8rement des nouvelles de ses progr\u00e8s. Votre \u00ab\u00a0filleul\u00a0\u00bb vous \u00e9crira r\u00e9guli\u00e8rement en anglais [&hellip;]","og_url":"https:\/\/mayaa.world\/sponsorship\/sponsor-a-primary-secondary-student\/","og_site_name":"Mayaa World","article_modified_time":"2026-03-12T17:05:40+00:00","og_image":[{"width":1200,"height":400,"url":"https:\/\/mayaa.world\/wp-content\/uploads\/2019\/05\/ban-sol2.jpg","type":"image\/jpeg"}],"twitter_card":"summary_large_image","twitter_misc":{"Dur\u00e9e de lecture estim\u00e9e":"3 minutes"},"schema":{"@context":"https:\/\/schema.org","@graph":[{"@type":"WebPage","@id":"https:\/\/mayaa.world\/sponsorship\/sponsor-a-primary-secondary-student\/","url":"https:\/\/mayaa.world\/sponsorship\/sponsor-a-primary-secondary-student\/","name":"Parrainer un \u00e9l\u00e8ve du primaire ou du secondaire - Mayaa World","isPartOf":{"@id":"https:\/\/mayaa.world\/#website"},"primaryImageOfPage":{"@id":"https:\/\/mayaa.world\/sponsorship\/sponsor-a-primary-secondary-student\/#primaryimage"},"image":{"@id":"https:\/\/mayaa.world\/sponsorship\/sponsor-a-primary-secondary-student\/#primaryimage"},"thumbnailUrl":"https:\/\/jtr.yoh.mybluehost.me\/wp-content\/uploads\/2019\/05\/ban-sol2.jpg","datePublished":"2023-07-20T08:33:12+00:00","dateModified":"2026-03-12T17:05:40+00:00","breadcrumb":{"@id":"https:\/\/mayaa.world\/sponsorship\/sponsor-a-primary-secondary-student\/#breadcrumb"},"inLanguage":"fr-FR","potentialAction":[{"@type":"ReadAction","target":["https:\/\/mayaa.world\/sponsorship\/sponsor-a-primary-secondary-student\/"]}]},{"@type":"ImageObject","inLanguage":"fr-FR","@id":"https:\/\/mayaa.world\/sponsorship\/sponsor-a-primary-secondary-student\/#primaryimage","url":"https:\/\/jtr.yoh.mybluehost.me\/wp-content\/uploads\/2019\/05\/ban-sol2.jpg","contentUrl":"https:\/\/jtr.yoh.mybluehost.me\/wp-content\/uploads\/2019\/05\/ban-sol2.jpg"},{"@type":"BreadcrumbList","@id":"https:\/\/mayaa.world\/sponsorship\/sponsor-a-primary-secondary-student\/#breadcrumb","itemListElement":[{"@type":"ListItem","position":1,"name":"Home","item":"https:\/\/mayaa.world\/fr\/"},{"@type":"ListItem","position":2,"name":"Parrainer un enfant","item":"https:\/\/mayaa.world\/sponsorship\/"},{"@type":"ListItem","position":3,"name":"Parrainer un \u00e9l\u00e8ve du primaire ou du secondaire"}]},{"@type":"WebSite","@id":"https:\/\/mayaa.world\/#website","url":"https:\/\/mayaa.world\/","name":"Mayaa World","description":"Development through education","publisher":{"@id":"https:\/\/mayaa.world\/#organization"},"potentialAction":[{"@type":"SearchAction","target":{"@type":"EntryPoint","urlTemplate":"https:\/\/mayaa.world\/?s={search_term_string}"},"query-input":{"@type":"PropertyValueSpecification","valueRequired":true,"valueName":"search_term_string"}}],"inLanguage":"fr-FR"},{"@type":"Organization","@id":"https:\/\/mayaa.world\/#organization","name":"Mayaa World","url":"https:\/\/mayaa.world\/","logo":{"@type":"ImageObject","inLanguage":"fr-FR","@id":"https:\/\/mayaa.world\/#\/schema\/logo\/image\/","url":"https:\/\/mayaa.world\/wp-content\/uploads\/2026\/03\/Mayaa-World-1-1.png","contentUrl":"https:\/\/mayaa.world\/wp-content\/uploads\/2026\/03\/Mayaa-World-1-1.png","width":334,"height":334,"caption":"Mayaa World"},"image":{"@id":"https:\/\/mayaa.world\/#\/schema\/logo\/image\/"}}]}},"_links":{"self":[{"href":"https:\/\/mayaa.world\/fr\/wp-json\/wp\/v2\/pages\/5733","targetHints":{"allow":["GET"]}}],"collection":[{"href":"https:\/\/mayaa.world\/fr\/wp-json\/wp\/v2\/pages"}],"about":[{"href":"https:\/\/mayaa.world\/fr\/wp-json\/wp\/v2\/types\/page"}],"author":[{"embeddable":true,"href":"https:\/\/mayaa.world\/fr\/wp-json\/wp\/v2\/users\/3"}],"replies":[{"embeddable":true,"href":"https:\/\/mayaa.world\/fr\/wp-json\/wp\/v2\/comments?post=5733"}],"version-history":[{"count":7,"href":"https:\/\/mayaa.world\/fr\/wp-json\/wp\/v2\/pages\/5733\/revisions"}],"predecessor-version":[{"id":6279,"href":"https:\/\/mayaa.world\/fr\/wp-json\/wp\/v2\/pages\/5733\/revisions\/6279"}],"up":[{"embeddable":true,"href":"https:\/\/mayaa.world\/fr\/wp-json\/wp\/v2\/pages\/6733"}],"wp:attachment":[{"href":"https:\/\/mayaa.world\/fr\/wp-json\/wp\/v2\/media?parent=5733"}],"curies":[{"name":"wp","href":"https:\/\/api.w.org\/{rel}","templated":true}]}}