{"id":919,"date":"2019-04-29T04:25:09","date_gmt":"2019-04-29T04:25:09","guid":{"rendered":"http:\/\/mayaa.apps.tm\/raports-annuel\/"},"modified":"2026-03-12T17:07:21","modified_gmt":"2026-03-12T17:07:21","slug":"raports-annuel","status":"publish","type":"page","link":"https:\/\/mayaa.world\/fr\/raports-annuel\/","title":{"rendered":"Rapports Annuels"},"content":{"rendered":"\n<div class=\"wp-block-cover\"><img fetchpriority=\"high\" decoding=\"async\" width=\"1200\" height=\"400\" class=\"wp-block-cover__image-background wp-image-1149\" alt=\"\" src=\"https:\/\/jtr.yoh.mybluehost.me\/wp-content\/uploads\/2019\/05\/ban-health3.jpg\" data-object-fit=\"cover\" srcset=\"https:\/\/mayaa.world\/wp-content\/uploads\/2019\/05\/ban-health3.jpg 1200w, https:\/\/mayaa.world\/wp-content\/uploads\/2019\/05\/ban-health3-300x100.jpg 300w, https:\/\/mayaa.world\/wp-content\/uploads\/2019\/05\/ban-health3-768x256.jpg 768w, https:\/\/mayaa.world\/wp-content\/uploads\/2019\/05\/ban-health3-1024x341.jpg 1024w, https:\/\/mayaa.world\/wp-content\/uploads\/2019\/05\/ban-health3-1080x360.jpg 1080w\" sizes=\"(max-width: 1200px) 100vw, 1200px\" \/><span aria-hidden=\"true\" class=\"wp-block-cover__background has-background-dim-20 has-background-dim\" style=\"background-color:#213f71\"><\/span><div class=\"wp-block-cover__inner-container is-layout-flow wp-block-cover-is-layout-flow\">\n<h1 class=\"wp-block-heading containertext textbandeauentete has-white-color has-text-color\">Rapports Annuels<\/h1>\n<\/div><\/div>\n\n<div style=\"height:40px\" aria-hidden=\"true\" class=\"wp-block-spacer\"><\/div>\n\n<div class=\"wp-block-group containertext\"><div class=\"wp-block-group__inner-container is-layout-constrained wp-block-group-is-layout-constrained\">\n<h3 class=\"wp-block-heading\">T\u00e9l\u00e9chargez nos rapports annuels \u00e0 partir des liens ci-dessous<\/h3>\n\n\n\n<p><a href=\"https:\/\/mayaa.world\/wp-content\/uploads\/2025\/06\/annual-report-2024.pdf\">Mayaa Nepal Annual Report 2024<\/a><\/p>\n\n\n\n<p><a href=\"https:\/\/mayaa.world\/wp-content\/uploads\/2024\/02\/Annual-Report-2022-final-v2.pdf\">Mayaa Nepal Annual Report 2022<\/a><\/p>\n\n\n\n<p><a href=\"https:\/\/mayaa.world\/wp-content\/uploads\/2022\/03\/2021-Annual-Report.pdf\">Mayaa Nepal Annual Report 2021<\/a><\/p>\n\n\n\n<p><a href=\"https:\/\/mayaa.world\/wp-content\/uploads\/2022\/03\/Microsoft-Word-2020-Annual-Report-1.pdf\">Mayaa Nepal Annual Report 2020<\/a><\/p>\n\n\n\n<p><a href=\"https:\/\/mayaa.world\/wp-content\/uploads\/2019\/05\/Earthquake-4P-A5.pdf\">Mayaa Key-Facts 2020-2021<\/a><\/p>\n\n\n\n<p><a href=\"https:\/\/jtr.yoh.mybluehost.me\/wp-content\/uploads\/2022\/03\/2021-AG-Rapport-d-activite&#x301;-2020-MAYAA-FR.pdf\">Mayaa France Accounts 2020<\/a><\/p>\n\n\n\n<p><a href=\"https:\/\/mayaa.world\/wp-content\/uploads\/2020\/06\/2019-Comptes-Mayaa-Fr.pdf\">Mayaa France Accounts 2019<\/a><\/p>\n\n\n\n<div style=\"height:40px\" aria-hidden=\"true\" class=\"wp-block-spacer\"><\/div>\n\n\n\n<h3 class=\"wp-block-heading\">T\u00e9l\u00e9chargez nos brochures \u00e0 partir des liens ci-dessous<\/h3>\n\n\n\n<div class=\"wp-block-group\"><div class=\"wp-block-group__inner-container is-layout-constrained wp-block-group-is-layout-constrained\">\n<p><a href=\"https:\/\/mayaa.world\/wp-content\/uploads\/2019\/05\/Earthquake-4P-A5.pdf\">The 2015 Earthquake and it\u2019s consequences<\/a><\/p>\n\n\n\n<p><a href=\"https:\/\/mayaa.world\/wp-content\/uploads\/2019\/05\/4PageA5bV2d-World.pdf\">MAYAA WORLD LIFLET (ENGL)<\/a><\/p>\n\n\n\n<p><a href=\"https:\/\/mayaa.world\/wp-content\/uploads\/2019\/05\/4PageA5bV2c_FRd.pdf\">MAYAA FRANCE BROCHURE (FR)<\/a><\/p>\n<\/div><\/div>\n<\/div><\/div>\n\n<div style=\"height:60px\" aria-hidden=\"true\" class=\"wp-block-spacer\"><\/div>\n","protected":false},"excerpt":{"rendered":"<p>T\u00e9l\u00e9chargez nos rapports annuels \u00e0 partir des liens ci-dessous Mayaa Nepal Annual Report 2024 Mayaa Nepal Annual Report 2022 Mayaa Nepal Annual Report 2021 Mayaa Nepal Annual Report 2020 Mayaa Key-Facts 2020-2021 Mayaa France Accounts 2020 Mayaa France Accounts 2019 T\u00e9l\u00e9chargez nos brochures \u00e0 partir des liens ci-dessous The 2015 Earthquake and it\u2019s consequences MAYAA [&hellip;]<\/p>\n","protected":false},"author":2,"featured_media":0,"parent":0,"menu_order":0,"comment_status":"closed","ping_status":"closed","template":"","meta":{"ocean_post_layout":"","ocean_both_sidebars_style":"","ocean_both_sidebars_content_width":0,"ocean_both_sidebars_sidebars_width":0,"ocean_sidebar":"0","ocean_second_sidebar":"0","ocean_disable_margins":"enable","ocean_add_body_class":"","ocean_shortcode_before_top_bar":"","ocean_shortcode_after_top_bar":"","ocean_shortcode_before_header":"","ocean_shortcode_after_header":"","ocean_has_shortcode":"","ocean_shortcode_after_title":"","ocean_shortcode_before_footer_widgets":"","ocean_shortcode_after_footer_widgets":"","ocean_shortcode_before_footer_bottom":"","ocean_shortcode_after_footer_bottom":"","ocean_display_top_bar":"default","ocean_display_header":"default","ocean_header_style":"","ocean_center_header_left_menu":"0","ocean_custom_header_template":"0","ocean_custom_logo":0,"ocean_custom_retina_logo":0,"ocean_custom_logo_max_width":0,"ocean_custom_logo_tablet_max_width":0,"ocean_custom_logo_mobile_max_width":0,"ocean_custom_logo_max_height":0,"ocean_custom_logo_tablet_max_height":0,"ocean_custom_logo_mobile_max_height":0,"ocean_header_custom_menu":"0","ocean_menu_typo_font_family":"0","ocean_menu_typo_font_subset":"","ocean_menu_typo_font_size":0,"ocean_menu_typo_font_size_tablet":0,"ocean_menu_typo_font_size_mobile":0,"ocean_menu_typo_font_size_unit":"px","ocean_menu_typo_font_weight":"","ocean_menu_typo_font_weight_tablet":"","ocean_menu_typo_font_weight_mobile":"","ocean_menu_typo_transform":"","ocean_menu_typo_transform_tablet":"","ocean_menu_typo_transform_mobile":"","ocean_menu_typo_line_height":0,"ocean_menu_typo_line_height_tablet":0,"ocean_menu_typo_line_height_mobile":0,"ocean_menu_typo_line_height_unit":"","ocean_menu_typo_spacing":0,"ocean_menu_typo_spacing_tablet":0,"ocean_menu_typo_spacing_mobile":0,"ocean_menu_typo_spacing_unit":"","ocean_menu_link_color":"","ocean_menu_link_color_hover":"","ocean_menu_link_color_active":"","ocean_menu_link_background":"","ocean_menu_link_hover_background":"","ocean_menu_link_active_background":"","ocean_menu_social_links_bg":"","ocean_menu_social_hover_links_bg":"","ocean_menu_social_links_color":"","ocean_menu_social_hover_links_color":"","ocean_disable_title":"default","ocean_disable_heading":"default","ocean_post_title":"","ocean_post_subheading":"","ocean_post_title_style":"","ocean_post_title_background_color":"","ocean_post_title_background":0,"ocean_post_title_bg_image_position":"","ocean_post_title_bg_image_attachment":"","ocean_post_title_bg_image_repeat":"","ocean_post_title_bg_image_size":"","ocean_post_title_height":0,"ocean_post_title_bg_overlay":0.5,"ocean_post_title_bg_overlay_color":"","ocean_disable_breadcrumbs":"default","ocean_breadcrumbs_color":"","ocean_breadcrumbs_separator_color":"","ocean_breadcrumbs_links_color":"","ocean_breadcrumbs_links_hover_color":"","ocean_display_footer_widgets":"default","ocean_display_footer_bottom":"default","ocean_custom_footer_template":"0","footnotes":""},"class_list":["post-919","page","type-page","status-publish","hentry","entry"],"yoast_head":"<!-- This site is optimized with the Yoast SEO plugin v27.4 - https:\/\/yoast.com\/product\/yoast-seo-wordpress\/ -->\n<title>Rapports Annuels - Mayaa World<\/title>\n<meta name=\"robots\" content=\"index, follow, max-snippet:-1, max-image-preview:large, max-video-preview:-1\" \/>\n<link rel=\"canonical\" href=\"https:\/\/mayaa.world\/fr\/raports-annuel\/\" \/>\n<meta property=\"og:locale\" content=\"fr_FR\" \/>\n<meta property=\"og:type\" content=\"article\" \/>\n<meta property=\"og:title\" content=\"Rapports Annuels - Mayaa World\" \/>\n<meta property=\"og:description\" content=\"T\u00e9l\u00e9chargez nos rapports annuels \u00e0 partir des liens ci-dessous Mayaa Nepal Annual Report 2024 Mayaa Nepal Annual Report 2022 Mayaa Nepal Annual Report 2021 Mayaa Nepal Annual Report 2020 Mayaa Key-Facts 2020-2021 Mayaa France Accounts 2020 Mayaa France Accounts 2019 T\u00e9l\u00e9chargez nos brochures \u00e0 partir des liens ci-dessous The 2015 Earthquake and it\u2019s consequences MAYAA [&hellip;]\" \/>\n<meta property=\"og:url\" content=\"https:\/\/mayaa.world\/fr\/raports-annuel\/\" \/>\n<meta property=\"og:site_name\" content=\"Mayaa World\" \/>\n<meta property=\"article:modified_time\" content=\"2026-03-12T17:07:21+00:00\" \/>\n<meta property=\"og:image\" content=\"https:\/\/mayaa.world\/wp-content\/uploads\/2019\/05\/ban-health3.jpg\" \/>\n\t<meta property=\"og:image:width\" content=\"1200\" \/>\n\t<meta property=\"og:image:height\" content=\"400\" \/>\n\t<meta property=\"og:image:type\" content=\"image\/jpeg\" \/>\n<meta name=\"twitter:card\" content=\"summary_large_image\" \/>\n<script type=\"application\/ld+json\" class=\"yoast-schema-graph\">{\"@context\":\"https:\\\/\\\/schema.org\",\"@graph\":[{\"@type\":\"WebPage\",\"@id\":\"https:\\\/\\\/mayaa.world\\\/fr\\\/raports-annuel\\\/\",\"url\":\"https:\\\/\\\/mayaa.world\\\/fr\\\/raports-annuel\\\/\",\"name\":\"Rapports Annuels - Mayaa World\",\"isPartOf\":{\"@id\":\"https:\\\/\\\/mayaa.world\\\/#website\"},\"primaryImageOfPage\":{\"@id\":\"https:\\\/\\\/mayaa.world\\\/fr\\\/raports-annuel\\\/#primaryimage\"},\"image\":{\"@id\":\"https:\\\/\\\/mayaa.world\\\/fr\\\/raports-annuel\\\/#primaryimage\"},\"thumbnailUrl\":\"https:\\\/\\\/jtr.yoh.mybluehost.me\\\/wp-content\\\/uploads\\\/2019\\\/05\\\/ban-health3.jpg\",\"datePublished\":\"2019-04-29T04:25:09+00:00\",\"dateModified\":\"2026-03-12T17:07:21+00:00\",\"breadcrumb\":{\"@id\":\"https:\\\/\\\/mayaa.world\\\/fr\\\/raports-annuel\\\/#breadcrumb\"},\"inLanguage\":\"fr-FR\",\"potentialAction\":[{\"@type\":\"ReadAction\",\"target\":[\"https:\\\/\\\/mayaa.world\\\/fr\\\/raports-annuel\\\/\"]}]},{\"@type\":\"ImageObject\",\"inLanguage\":\"fr-FR\",\"@id\":\"https:\\\/\\\/mayaa.world\\\/fr\\\/raports-annuel\\\/#primaryimage\",\"url\":\"https:\\\/\\\/jtr.yoh.mybluehost.me\\\/wp-content\\\/uploads\\\/2019\\\/05\\\/ban-health3.jpg\",\"contentUrl\":\"https:\\\/\\\/jtr.yoh.mybluehost.me\\\/wp-content\\\/uploads\\\/2019\\\/05\\\/ban-health3.jpg\"},{\"@type\":\"BreadcrumbList\",\"@id\":\"https:\\\/\\\/mayaa.world\\\/fr\\\/raports-annuel\\\/#breadcrumb\",\"itemListElement\":[{\"@type\":\"ListItem\",\"position\":1,\"name\":\"Home\",\"item\":\"https:\\\/\\\/mayaa.world\\\/fr\\\/\"},{\"@type\":\"ListItem\",\"position\":2,\"name\":\"Rapports Annuels\"}]},{\"@type\":\"WebSite\",\"@id\":\"https:\\\/\\\/mayaa.world\\\/#website\",\"url\":\"https:\\\/\\\/mayaa.world\\\/\",\"name\":\"Mayaa World\",\"description\":\"Development through education\",\"publisher\":{\"@id\":\"https:\\\/\\\/mayaa.world\\\/#organization\"},\"potentialAction\":[{\"@type\":\"SearchAction\",\"target\":{\"@type\":\"EntryPoint\",\"urlTemplate\":\"https:\\\/\\\/mayaa.world\\\/?s={search_term_string}\"},\"query-input\":{\"@type\":\"PropertyValueSpecification\",\"valueRequired\":true,\"valueName\":\"search_term_string\"}}],\"inLanguage\":\"fr-FR\"},{\"@type\":\"Organization\",\"@id\":\"https:\\\/\\\/mayaa.world\\\/#organization\",\"name\":\"Mayaa World\",\"url\":\"https:\\\/\\\/mayaa.world\\\/\",\"logo\":{\"@type\":\"ImageObject\",\"inLanguage\":\"fr-FR\",\"@id\":\"https:\\\/\\\/mayaa.world\\\/#\\\/schema\\\/logo\\\/image\\\/\",\"url\":\"https:\\\/\\\/mayaa.world\\\/wp-content\\\/uploads\\\/2026\\\/03\\\/Mayaa-World-1-1.png\",\"contentUrl\":\"https:\\\/\\\/mayaa.world\\\/wp-content\\\/uploads\\\/2026\\\/03\\\/Mayaa-World-1-1.png\",\"width\":334,\"height\":334,\"caption\":\"Mayaa World\"},\"image\":{\"@id\":\"https:\\\/\\\/mayaa.world\\\/#\\\/schema\\\/logo\\\/image\\\/\"}}]}<\/script>\n<!-- \/ Yoast SEO plugin. -->","yoast_head_json":{"title":"Rapports Annuels - Mayaa World","robots":{"index":"index","follow":"follow","max-snippet":"max-snippet:-1","max-image-preview":"max-image-preview:large","max-video-preview":"max-video-preview:-1"},"canonical":"https:\/\/mayaa.world\/fr\/raports-annuel\/","og_locale":"fr_FR","og_type":"article","og_title":"Rapports Annuels - Mayaa World","og_description":"T\u00e9l\u00e9chargez nos rapports annuels \u00e0 partir des liens ci-dessous Mayaa Nepal Annual Report 2024 Mayaa Nepal Annual Report 2022 Mayaa Nepal Annual Report 2021 Mayaa Nepal Annual Report 2020 Mayaa Key-Facts 2020-2021 Mayaa France Accounts 2020 Mayaa France Accounts 2019 T\u00e9l\u00e9chargez nos brochures \u00e0 partir des liens ci-dessous The 2015 Earthquake and it\u2019s consequences MAYAA [&hellip;]","og_url":"https:\/\/mayaa.world\/fr\/raports-annuel\/","og_site_name":"Mayaa World","article_modified_time":"2026-03-12T17:07:21+00:00","og_image":[{"width":1200,"height":400,"url":"https:\/\/mayaa.world\/wp-content\/uploads\/2019\/05\/ban-health3.jpg","type":"image\/jpeg"}],"twitter_card":"summary_large_image","schema":{"@context":"https:\/\/schema.org","@graph":[{"@type":"WebPage","@id":"https:\/\/mayaa.world\/fr\/raports-annuel\/","url":"https:\/\/mayaa.world\/fr\/raports-annuel\/","name":"Rapports Annuels - Mayaa World","isPartOf":{"@id":"https:\/\/mayaa.world\/#website"},"primaryImageOfPage":{"@id":"https:\/\/mayaa.world\/fr\/raports-annuel\/#primaryimage"},"image":{"@id":"https:\/\/mayaa.world\/fr\/raports-annuel\/#primaryimage"},"thumbnailUrl":"https:\/\/jtr.yoh.mybluehost.me\/wp-content\/uploads\/2019\/05\/ban-health3.jpg","datePublished":"2019-04-29T04:25:09+00:00","dateModified":"2026-03-12T17:07:21+00:00","breadcrumb":{"@id":"https:\/\/mayaa.world\/fr\/raports-annuel\/#breadcrumb"},"inLanguage":"fr-FR","potentialAction":[{"@type":"ReadAction","target":["https:\/\/mayaa.world\/fr\/raports-annuel\/"]}]},{"@type":"ImageObject","inLanguage":"fr-FR","@id":"https:\/\/mayaa.world\/fr\/raports-annuel\/#primaryimage","url":"https:\/\/jtr.yoh.mybluehost.me\/wp-content\/uploads\/2019\/05\/ban-health3.jpg","contentUrl":"https:\/\/jtr.yoh.mybluehost.me\/wp-content\/uploads\/2019\/05\/ban-health3.jpg"},{"@type":"BreadcrumbList","@id":"https:\/\/mayaa.world\/fr\/raports-annuel\/#breadcrumb","itemListElement":[{"@type":"ListItem","position":1,"name":"Home","item":"https:\/\/mayaa.world\/fr\/"},{"@type":"ListItem","position":2,"name":"Rapports Annuels"}]},{"@type":"WebSite","@id":"https:\/\/mayaa.world\/#website","url":"https:\/\/mayaa.world\/","name":"Mayaa World","description":"Development through education","publisher":{"@id":"https:\/\/mayaa.world\/#organization"},"potentialAction":[{"@type":"SearchAction","target":{"@type":"EntryPoint","urlTemplate":"https:\/\/mayaa.world\/?s={search_term_string}"},"query-input":{"@type":"PropertyValueSpecification","valueRequired":true,"valueName":"search_term_string"}}],"inLanguage":"fr-FR"},{"@type":"Organization","@id":"https:\/\/mayaa.world\/#organization","name":"Mayaa World","url":"https:\/\/mayaa.world\/","logo":{"@type":"ImageObject","inLanguage":"fr-FR","@id":"https:\/\/mayaa.world\/#\/schema\/logo\/image\/","url":"https:\/\/mayaa.world\/wp-content\/uploads\/2026\/03\/Mayaa-World-1-1.png","contentUrl":"https:\/\/mayaa.world\/wp-content\/uploads\/2026\/03\/Mayaa-World-1-1.png","width":334,"height":334,"caption":"Mayaa World"},"image":{"@id":"https:\/\/mayaa.world\/#\/schema\/logo\/image\/"}}]}},"_links":{"self":[{"href":"https:\/\/mayaa.world\/fr\/wp-json\/wp\/v2\/pages\/919","targetHints":{"allow":["GET"]}}],"collection":[{"href":"https:\/\/mayaa.world\/fr\/wp-json\/wp\/v2\/pages"}],"about":[{"href":"https:\/\/mayaa.world\/fr\/wp-json\/wp\/v2\/types\/page"}],"author":[{"embeddable":true,"href":"https:\/\/mayaa.world\/fr\/wp-json\/wp\/v2\/users\/2"}],"replies":[{"embeddable":true,"href":"https:\/\/mayaa.world\/fr\/wp-json\/wp\/v2\/comments?post=919"}],"version-history":[{"count":21,"href":"https:\/\/mayaa.world\/fr\/wp-json\/wp\/v2\/pages\/919\/revisions"}],"predecessor-version":[{"id":6750,"href":"https:\/\/mayaa.world\/fr\/wp-json\/wp\/v2\/pages\/919\/revisions\/6750"}],"wp:attachment":[{"href":"https:\/\/mayaa.world\/fr\/wp-json\/wp\/v2\/media?parent=919"}],"curies":[{"name":"wp","href":"https:\/\/api.w.org\/{rel}","templated":true}]}}